{"id":2947,"date":"2022-03-21T10:40:58","date_gmt":"2022-03-21T10:40:58","guid":{"rendered":"https:\/\/charcoalplant.com\/?post_type=product&#038;p=2947"},"modified":"2023-01-16T15:21:47","modified_gmt":"2023-01-16T07:21:47","slug":"dry-lime-powder-briquetting-machine","status":"publish","type":"product","link":"https:\/\/charcoalplant.com\/vi\/product\/dry-lime-powder-briquetting-machine-iron-dust-ball-for-smelting-plant\/","title":{"rendered":"M\u00e1y \u0111\u00f3ng b\u00e1nh b\u1ed9t v\u00f4i kh\u00f4 | B\u00f3ng b\u1ee5i s\u1eaft cho nh\u00e0 m\u00e1y luy\u1ec7n kim"},"content":{"rendered":"<div class=\"kk-star-ratings kksr-auto kksr-align-left kksr-valign-top\"     data-payload='{&quot;align&quot;:&quot;left&quot;,&quot;id&quot;:&quot;2947&quot;,&quot;slug&quot;:&quot;default&quot;,&quot;valign&quot;:&quot;top&quot;,&quot;ignore&quot;:&quot;&quot;,&quot;reference&quot;:&quot;auto&quot;,&quot;class&quot;:&quot;&quot;,&quot;count&quot;:&quot;5&quot;,&quot;legendonly&quot;:&quot;&quot;,&quot;readonly&quot;:&quot;&quot;,&quot;score&quot;:&quot;4.8&quot;,&quot;starsonly&quot;:&quot;&quot;,&quot;best&quot;:&quot;5&quot;,&quot;gap&quot;:&quot;5&quot;,&quot;greet&quot;:&quot;Rate this product&quot;,&quot;legend&quot;:&quot;4.8\\\/5 - (5 b\u00ecnh ch\u1ecdn)&quot;,&quot;size&quot;:&quot;24&quot;,&quot;title&quot;:&quot;Dry Lime Powder Briquetting Machine | Iron Dust Ball for Smelting Plant&quot;,&quot;width&quot;:&quot;136.7&quot;,&quot;_legend&quot;:&quot;{score}\\\/{best} - ({count} {votes})&quot;,&quot;font_factor&quot;:&quot;1.25&quot;}'>              <div class=\"kksr-stars\">      <div class=\"kksr-stars-inactive\">             <div class=\"kksr-star\" data-star=\"1\" style=\"padding-right: 5px\">               <div class=\"kksr-icon\" style=\"width: 24px; height: 24px;\"><\/div>         <\/div>             <div class=\"kksr-star\" data-star=\"2\" style=\"padding-right: 5px\">               <div class=\"kksr-icon\" style=\"width: 24px; height: 24px;\"><\/div>         <\/div>             <div class=\"kksr-star\" data-star=\"3\" style=\"padding-right: 5px\">               <div class=\"kksr-icon\" style=\"width: 24px; height: 24px;\"><\/div>         <\/div>             <div class=\"kksr-star\" data-star=\"4\" style=\"padding-right: 5px\">               <div class=\"kksr-icon\" style=\"width: 24px; height: 24px;\"><\/div>         <\/div>             <div class=\"kksr-star\" data-star=\"5\" style=\"padding-right: 5px\">               <div class=\"kksr-icon\" style=\"width: 24px; height: 24px;\"><\/div>         <\/div>     <\/div>      <div class=\"kksr-stars-active\" style=\"width: 136.7px;\">             <div class=\"kksr-star\" style=\"padding-right: 5px\">               <div class=\"kksr-icon\" style=\"width: 24px; height: 24px;\"><\/div>         <\/div>             <div class=\"kksr-star\" style=\"padding-right: 5px\">               <div class=\"kksr-icon\" style=\"width: 24px; height: 24px;\"><\/div>         <\/div>             <div class=\"kksr-star\" style=\"padding-right: 5px\">               <div class=\"kksr-icon\" style=\"width: 24px; height: 24px;\"><\/div>         <\/div>             <div class=\"kksr-star\" style=\"padding-right: 5px\">               <div class=\"kksr-icon\" style=\"width: 24px; height: 24px;\"><\/div>         <\/div>             <div class=\"kksr-star\" style=\"padding-right: 5px\">               <div class=\"kksr-icon\" style=\"width: 24px; height: 24px;\"><\/div>         <\/div>     <\/div> <\/div>                   <div class=\"kksr-legend\" style=\"font-size: 19.2px;\">             4,8\/5 - (5 B\u00ecnh Ch\u1ecdn)    <\/div>     <\/div>  <p class=\"translation-block\"><strong>M\u00e1y \u00e9p ki\u1ec7n kh\u00f4<\/strong> c\u00f3 th\u1ec3 n\u00e9n v\u1eadt li\u1ec7u d\u1ea1ng h\u1ea1t th\u00e0nh c\u00e1c ki\u1ec7n c\u00f3 h\u00ecnh d\u1ea1ng kh\u00e1c nhau. V\u00ed d\u1ee5: h\u00ecnh tr\u1ee5, h\u00ecnh b\u1ea7u d\u1ee5c, h\u00ecnh c\u1ea7u, h\u00ecnh vu\u00f4ng, v.v. V\u00e0 n\u00f3 kh\u00e1c v\u1edbi <strong><a href=\"https:\/\/charcoalplant.com\/vi\/product\/charcoal-ball-press-machine\/\">m\u00e1y t\u1ea1o vi\u00ean than th\u00f4ng th\u01b0\u1eddng<\/a><\/strong> \u1edf ch\u1ed7 n\u00f3 c\u00f3 \u0111\u1eb7c \u0111i\u1ec3m \u00e1p su\u1ea5t cao v\u00e0 hi\u1ec7u qu\u1ea3 t\u1ea1o h\u00ecnh t\u1ed1t. Do \u0111\u00f3, n\u00f3 ch\u1ee7 y\u1ebfu \u0111\u01b0\u1ee3c s\u1eed d\u1ee5ng \u0111\u1ec3 \u00e9p c\u00e1c v\u1eadt li\u1ec7u d\u1ea1ng b\u1ed9t kh\u00f3 t\u1ea1o h\u00ecnh. Nh\u01b0 b\u1ed9t than; b\u1ed9t kho\u00e1ng; th\u1ea1ch cao kh\u1eed l\u01b0u hu\u1ef3nh; b\u1ed9t than c\u1ed1c; m\u1ea1t s\u1eaft v\u00e0 c\u00e1c lo\u1ea1i x\u1ec9 kim lo\u1ea1i t\u1ea1o kh\u1ed1i. H\u01a1n n\u1eefa, vi\u1ec7c s\u1eed d\u1ee5ng m\u00e1y \u00e9p ki\u1ec7n v\u00f4i kh\u00f4 c\u00f3 th\u1ec3 gi\u1ea3m b\u1ee5i c\u00f4ng nghi\u1ec7p, ki\u1ec3m so\u00e1t m\u1eadt \u0111\u1ed9 kh\u1ed1i v\u00e0 t\u1ea1o \u0111i\u1ec1u ki\u1ec7n thu\u1eadn l\u1ee3i cho vi\u1ec7c thu h\u1ed3i v\u00e0 v\u1eadn chuy\u1ec3n. Ch\u00fang t\u00f4i chuy\u00ean s\u1ea3n xu\u1ea5t c\u00e1c lo\u1ea1i thi\u1ebft b\u1ecb t\u00e1i ch\u1ebf. N\u1ebfu b\u1ea1n quan t\u00e2m, vui l\u00f2ng li\u00ean h\u1ec7 v\u1edbi ch\u00fang t\u00f4i ngay b\u00e2y gi\u1edd.<\/p>    <figure class=\"wp-block-image aligncenter size-full\"><img loading=\"lazy\" decoding=\"async\" width=\"720\" height=\"540\" src=\"https:\/\/charcoalplant.com\/wp-content\/uploads\/2022\/03\/dry-powder-briquettebriquetting-machine-for-sale.jpg\" alt=\"C\u1ea7n b\u00e1n m\u00e1y \u0111\u00f3ng b\u00e1nh b\u1ed9t kh\u00f4\" class=\"wp-image-2949\"\/><figcaption class=\"wp-element-caption\">m\u00e1y l\u00e0m b\u00e1nh b\u1ed9t kh\u00f4 \u0111\u1ec3 b\u00e1n<\/figcaption><\/figure>    <h2 class=\"wp-block-heading\" id=\"h-raw-materials-for-dry-lime-powder-briquetting-machine\"><strong>Nguy\u00ean li\u1ec7u kh\u00f4<\/strong><strong>\u00a0chanh xanh<\/strong><strong>\u00a0m\u00e1y l\u00e0m b\u00e1nh b\u1ed9t<\/strong><\/h2>    <p>C\u00e1c ngu\u1ed3n nguy\u00ean li\u1ec7u th\u00f4 c\u00f3 th\u1ec3 \u0111\u01b0\u1ee3c x\u1eed l\u00fd b\u1eb1ng m\u00e1y \u0111\u00f3ng b\u00e1nh b\u1ed9t s\u1eaft bao g\u1ed3m c\u1eb7n th\u1ea3i c\u00f4ng tr\u01b0\u1eddng, c\u1eb7n th\u1ea3i l\u00f2 luy\u1ec7n kim, ch\u1ea5t th\u1ea3i nh\u00e0 m\u00e1y h\u00f3a ch\u1ea5t, v.v. V\u00ed d\u1ee5: b\u1ed9t than, b\u1ed9t nh\u00f4m, gangue than, ch\u1ea5t th\u1ea3i, b\u1ed9t than c\u1ed1c, oxit s\u1eaft , magie v\u1ee5n, b\u1ed9t v\u00f4i s\u1ed1ng, b\u00f9n, than ch\u00ec, ph\u00e2n b\u00f3n, v.v.<\/p>    <figure class=\"wp-block-image aligncenter size-full is-resized\"><img loading=\"lazy\" decoding=\"async\" src=\"https:\/\/charcoalplant.com\/wp-content\/uploads\/2022\/03\/dry-lime-powder-briquetting-machine-raw-material-1.png\" alt=\"nguy\u00ean li\u1ec7u m\u00e1y \u0111\u00f3ng b\u00e1nh b\u1ed9t v\u00f4i kh\u00f4\" class=\"wp-image-2951\" width=\"658\" height=\"493\"\/><figcaption class=\"wp-element-caption\">nguy\u00ean li\u1ec7u m\u00e1y \u0111\u00f3ng b\u00e1nh b\u1ed9t v\u00f4i kh\u00f4<\/figcaption><\/figure>    <h2 class=\"wp-block-heading\" id=\"h-structure-of-iron-dust-ball-press\"><strong>S<\/strong><strong>c\u1ea5u tr\u00fac c\u1ee7a s\u1eaft <\/strong><strong>b\u1ee5i<\/strong><strong>&nbsp;b\u1ea5m b\u00f3ng<\/strong><strong><\/strong><\/h2>    <div class=\"wp-block-columns has-background is-layout-flex wp-container-core-columns-is-layout-28f84493 wp-block-columns-is-layout-flex\" style=\"background-color:#f1f1f1\"> <div class=\"wp-block-column is-vertically-aligned-center is-layout-flow wp-block-column-is-layout-flow\" style=\"flex-basis:33.33%\"> <p class=\"translation-block\"><strong>C\u1eeda n\u1ea1p c\u01b0\u1ee1ng b\u1ee9c<\/strong><\/p>    <p>C\u1ed5ng c\u1ea5p li\u1ec7u c\u1ee7a m\u00e1y \u0111\u00fac b\u1ed9t kh\u00f4 c\u00f3 thi\u1ebft b\u1ecb c\u1ea5p li\u1ec7u b\u1eb1ng v\u00edt. Do tr\u1ecdng l\u01b0\u1ee3ng ri\u00eang nh\u1ecf c\u1ee7a nguy\u00ean li\u1ec7u d\u1ea1ng b\u1ed9t. V\u00ec v\u1eady, vi\u1ec7c khu\u1ea5y tr\u1ed9n l\u00e0 c\u1ea7n thi\u1ebft \u0111\u1ec3 tr\u00e1nh l\u00e0m t\u1eafc ngh\u1ebdn thi\u1ebft b\u1ecb ho\u1eb7c cho \u0103n kh\u00f4ng \u0111\u1ec1u.<\/p> <\/div>    <div class=\"wp-block-column is-layout-flow wp-block-column-is-layout-flow\" style=\"flex-basis:66.66%\"> <figure class=\"wp-block-image size-full\"><img loading=\"lazy\" decoding=\"async\" width=\"720\" height=\"540\" src=\"https:\/\/charcoalplant.com\/wp-content\/uploads\/2022\/03\/sew-feeding.jpg\" alt=\"\" class=\"wp-image-2959\"\/><\/figure> <\/div> <\/div>    <div class=\"wp-block-columns has-background is-layout-flex wp-container-core-columns-is-layout-28f84493 wp-block-columns-is-layout-flex\" style=\"background-color:#f1f1f1\"> <div class=\"wp-block-column is-layout-flow wp-block-column-is-layout-flow\" style=\"flex-basis:66.66%\"> <figure class=\"wp-block-image size-full\"><img loading=\"lazy\" decoding=\"async\" width=\"720\" height=\"540\" src=\"https:\/\/charcoalplant.com\/wp-content\/uploads\/2022\/03\/mould.jpg\" alt=\"\" class=\"wp-image-2960\"\/><\/figure> <\/div>    <div class=\"wp-block-column is-vertically-aligned-center is-layout-flow wp-block-column-is-layout-flow\" style=\"flex-basis:33.33%\"> <p class=\"translation-block\"><strong>Con l\u0103n \u00e9p<\/strong><\/p>    <p>M\u00e1y \u0111\u00f3ng b\u00e1nh b\u1ed9t kh\u00f4 c\u00f3 con l\u0103n h\u1eb9p v\u00e0 di\u1ec7n t\u00edch ti\u1ebfp x\u00fac nh\u1ecf. V\u00ec v\u1eady, \u00e1p su\u1ea5t l\u00ean v\u00f4i, b\u1ed9t kim lo\u1ea1i\u2026 t\u1eadp trung h\u01a1n v\u00e0 \u00e1p su\u1ea5t cao h\u01a1n.<\/p> <\/div> <\/div>    <div class=\"wp-block-columns has-background is-layout-flex wp-container-core-columns-is-layout-28f84493 wp-block-columns-is-layout-flex\" style=\"background-color:#f1f1f1\"> <div class=\"wp-block-column is-vertically-aligned-center is-layout-flow wp-block-column-is-layout-flow\" style=\"flex-basis:33.33%\"> <p class=\"translation-block\"><strong>Thi\u1ebft b\u1ecb \u00e1p su\u1ea5t th\u1ee7y l\u1ef1c<\/strong><\/p>    <p>Ch\u1ee9c n\u0103ng c\u1ee7a n\u00f3 l\u00e0 ki\u1ec3m so\u00e1t kho\u1ea3ng c\u00e1ch gi\u1eefa c\u00e1c con l\u0103n. Tr\u00ean th\u1ef1c t\u1ebf, n\u00f3 c\u00f2n gi\u00e1n ti\u1ebfp \u0111\u00f3ng vai tr\u00f2 \u0111i\u1ec1u \u00e1p.<\/p> <\/div>    <div class=\"wp-block-column is-layout-flow wp-block-column-is-layout-flow\" style=\"flex-basis:66.66%\"> <figure class=\"wp-block-gallery has-nested-images columns-default is-cropped wp-block-gallery-2 is-layout-flex wp-block-gallery-is-layout-flex\"> <figure class=\"wp-block-image size-large\"><img loading=\"lazy\" decoding=\"async\" width=\"720\" height=\"540\" data-id=\"2961\" src=\"https:\/\/charcoalplant.com\/wp-content\/uploads\/2022\/03\/hydraulic.jpg\" alt=\"\" class=\"wp-image-2961\"\/><\/figure> <\/figure> <\/div> <\/div>    <h2 class=\"wp-block-heading\" id=\"h-dry-powder-lime-briquetting-machine-mould\"><strong>Khu\u00f4n m\u00e1y \u0111\u00f3ng b\u00e1nh v\u00f4i b\u1ed9t kh\u00f4<\/strong><strong><\/strong><\/h2>    <p>\u0110\u1ec3 \u0111\u00e1p \u1ee9ng nhu c\u1ea7u c\u1ee7a kh\u00e1ch h\u00e0ng, nh\u00e0 m\u00e1y c\u1ee7a ch\u00fang t\u00f4i cung c\u1ea5p d\u1ecbch v\u1ee5 t\u00f9y ch\u1ec9nh cho khu\u00f4n \u00e9p bi. Bao g\u1ed3m k\u00edch th\u01b0\u1edbc, h\u00ecnh d\u1ea1ng, hoa v\u0103n, v\u0103n b\u1ea3n, v.v. c\u1ee7a da con l\u0103n.\u00a0C\u00f3 nhi\u1ec1u lo\u1ea1i da l\u0103n \u0111\u01b0\u1ee3c hi\u1ec3n th\u1ecb b\u00ean d\u01b0\u1edbi (\u0111\u1ec3 tham kh\u1ea3o).<\/p>    <figure class=\"wp-block-gallery has-nested-images columns-2 is-cropped wp-block-gallery-3 is-layout-flex wp-block-gallery-is-layout-flex\"> <figure class=\"wp-block-image size-large\"><img loading=\"lazy\" decoding=\"async\" width=\"720\" height=\"540\" data-id=\"2964\" src=\"https:\/\/charcoalplant.com\/wp-content\/uploads\/2022\/03\/cylindrical.jpg\" alt=\"h\u00ecnh tr\u1ee5\" class=\"wp-image-2964\"\/><figcaption class=\"wp-element-caption\">h\u00ecnh tr\u1ee5<\/figcaption><\/figure>    <figure class=\"wp-block-image size-large\"><img loading=\"lazy\" decoding=\"async\" width=\"720\" height=\"540\" data-id=\"2965\" src=\"https:\/\/charcoalplant.com\/wp-content\/uploads\/2022\/03\/iron-powder-mold.jpg\" alt=\"khu\u00f4n b\u1ed9t s\u1eaft\" class=\"wp-image-2965\"\/><figcaption class=\"wp-element-caption\">khu\u00f4n b\u1ed9t s\u1eaft<\/figcaption><\/figure>    <figure class=\"wp-block-image size-large\"><img loading=\"lazy\" decoding=\"async\" width=\"720\" height=\"540\" data-id=\"2962\" src=\"https:\/\/charcoalplant.com\/wp-content\/uploads\/2022\/03\/mold-with-a-diameter-of-6cm.jpg\" alt=\"khu\u00f4n-\u0111\u01b0\u1eddng k\u00ednh 6cm\" class=\"wp-image-2962\"\/><figcaption class=\"wp-element-caption\">khu\u00f4n-\u0111\u01b0\u1eddng k\u00ednh 6cm<\/figcaption><\/figure>    <figure class=\"wp-block-image size-large\"><img loading=\"lazy\" decoding=\"async\" width=\"720\" height=\"540\" data-id=\"2963\" src=\"https:\/\/charcoalplant.com\/wp-content\/uploads\/2022\/03\/pillow-shape.jpg\" alt=\"h\u00ecnh g\u1ed1i\" class=\"wp-image-2963\"\/><figcaption class=\"wp-element-caption\">h\u00ecnh g\u1ed1i<\/figcaption><\/figure> <\/figure>    <h2 class=\"wp-block-heading\" id=\"h-iron-dust-ball-for-smelting-plant\"><strong>Qu\u1ea3 c\u1ea7u b\u1ee5i s\u1eaft cho nh\u00e0 m\u00e1y luy\u1ec7n kim<\/strong><\/h2>    <p>M\u00e1y \u0111\u00f3ng b\u00e1nh b\u1ed9t s\u1eaft l\u00e0 lo\u1ea1i m\u00e1y \u0111a n\u0103ng. V\u00ec v\u1eady, n\u00f3 c\u00f3 th\u1ec3 ph\u1ee5c h\u1ed3i c\u00e1c lo\u1ea1i b\u1ed9t kim lo\u1ea1i kh\u00e1c nhau. Nh\u1eefng vi\u00ean b\u1ed9t tinh th\u1ea7n c\u00f3 th\u1ec3 \u0111\u01b0\u1ee3c n\u1ea5u ch\u1ea3y \u0111\u1ec3 ch\u1ebf t\u1ea1o l\u1ea1i c\u00e1c b\u1ed9 ph\u1eadn c\u01a1 kh\u00ed ho\u1eb7c gi\u00e1 \u0111\u1ee1. C\u00e1c nh\u00e0 luy\u1ec7n kim c\u0169ng th\u01b0\u1eddng t\u00e1i ch\u1ebf x\u1ec9 kim lo\u1ea1i th\u1ea3i c\u00f4ng nghi\u1ec7p \u0111\u1ec3 t\u00e1i ch\u1ebf. B\u1eb1ng c\u00e1ch n\u00e0y, ngu\u1ed3n t\u00e0i nguy\u00ean kim lo\u1ea1i m\u00e0 th\u1ebf gi\u1edbi c\u00f3 th\u1ec3 ti\u1ebft ki\u1ec7m h\u00e0ng n\u0103m l\u00e0 v\u00f4 c\u00f9ng l\u1edbn.<\/p>    <figure class=\"wp-block-gallery has-nested-images columns-default is-cropped wp-block-gallery-4 is-layout-flex wp-block-gallery-is-layout-flex\"> <figure class=\"wp-block-image size-large\"><img loading=\"lazy\" decoding=\"async\" width=\"720\" height=\"540\" data-id=\"2972\" src=\"https:\/\/charcoalplant.com\/wp-content\/uploads\/2022\/03\/iron-ball-melting.jpg\" alt=\"\" class=\"wp-image-2972\"\/><\/figure>    <figure class=\"wp-block-image size-large\"><img loading=\"lazy\" decoding=\"async\" width=\"720\" height=\"540\" data-id=\"2971\" src=\"https:\/\/charcoalplant.com\/wp-content\/uploads\/2022\/03\/Foundry.jpg\" alt=\"\" class=\"wp-image-2971\"\/><\/figure> <\/figure>    <h2 class=\"wp-block-heading\">Nh\u00e0 m\u00e1y c\u1ee7a ch\u00fang t\u00f4i<\/h2>    <figure class=\"wp-block-image aligncenter size-full\"><img loading=\"lazy\" decoding=\"async\" width=\"691\" height=\"482\" src=\"https:\/\/charcoalplant.com\/wp-content\/uploads\/2022\/03\/machine-show-1.png\" alt=\"\" class=\"wp-image-2970\"\/><\/figure>    <figure class=\"wp-block-gallery has-nested-images columns-default is-cropped wp-block-gallery-5 is-layout-flex wp-block-gallery-is-layout-flex\"> <figure class=\"wp-block-image size-full\"><img loading=\"lazy\" decoding=\"async\" width=\"720\" height=\"540\" data-id=\"2969\" src=\"https:\/\/charcoalplant.com\/wp-content\/uploads\/2022\/03\/dryer-powder-machine-plant-2.jpg\" alt=\"\" class=\"wp-image-2969\"\/><\/figure>    <figure class=\"wp-block-image size-large\"><img loading=\"lazy\" decoding=\"async\" width=\"720\" height=\"540\" data-id=\"2967\" src=\"https:\/\/charcoalplant.com\/wp-content\/uploads\/2022\/03\/iron-dust-molding-machine-for-sale.jpg\" alt=\"\" class=\"wp-image-2967\"\/><\/figure> <\/figure>","protected":false},"excerpt":{"rendered":"<p>M\u00e1y \u0111\u00f3ng b\u00e1nh b\u1ed9t kh\u00f4 c\u00f3 th\u1ec3 n\u00e9n v\u1eadt li\u1ec7u b\u1ed9t d\u1ea1ng h\u1ea1t th\u00e0nh than b\u00e1nh c\u00f3 h\u00ecnh d\u1ea1ng kh\u00e1c nhau. <\/p>","protected":false},"author":1,"featured_media":2949,"parent":0,"template":"","tags":[59],"product-type":[44],"class_list":["post-2947","product","type-product","status-publish","has-post-thumbnail","hentry","tag-charcoal-briquetting-machine","product-type-charcoal-briquetting-machine"],"_links":{"self":[{"href":"https:\/\/charcoalplant.com\/vi\/wp-json\/wp\/v2\/product\/2947","targetHints":{"allow":["GET"]}}],"collection":[{"href":"https:\/\/charcoalplant.com\/vi\/wp-json\/wp\/v2\/product"}],"about":[{"href":"https:\/\/charcoalplant.com\/vi\/wp-json\/wp\/v2\/types\/product"}],"author":[{"embeddable":true,"href":"https:\/\/charcoalplant.com\/vi\/wp-json\/wp\/v2\/users\/1"}],"wp:featuredmedia":[{"embeddable":true,"href":"https:\/\/charcoalplant.com\/vi\/wp-json\/wp\/v2\/media\/2949"}],"wp:attachment":[{"href":"https:\/\/charcoalplant.com\/vi\/wp-json\/wp\/v2\/media?parent=2947"}],"wp:term":[{"taxonomy":"post_tag","embeddable":true,"href":"https:\/\/charcoalplant.com\/vi\/wp-json\/wp\/v2\/tags?post=2947"},{"taxonomy":"product-type","embeddable":true,"href":"https:\/\/charcoalplant.com\/vi\/wp-json\/wp\/v2\/product-type?post=2947"}],"curies":[{"name":"wp","href":"https:\/\/api.w.org\/{rel}","templated":true}]}}