{"id":783,"date":"2021-11-24T05:33:50","date_gmt":"2021-11-24T05:33:50","guid":{"rendered":"https:\/\/charcoalplant.com\/?p=783"},"modified":"2023-06-01T10:02:38","modified_gmt":"2023-06-01T02:02:38","slug":"waste-wooden-pallet-grinder","status":"publish","type":"product","link":"https:\/\/charcoalplant.com\/vi\/product\/waste-wooden-pallet-grinder\/","title":{"rendered":"M\u00e1y m\u00e0i pallet g\u1ed7 th\u1ea3i | M\u00e1y h\u1ee7y g\u1ed7 c\u00f4ng nghi\u1ec7p"},"content":{"rendered":"<div class=\"kk-star-ratings kksr-auto kksr-align-left kksr-valign-top\"     data-payload='{&quot;align&quot;:&quot;left&quot;,&quot;id&quot;:&quot;783&quot;,&quot;slug&quot;:&quot;default&quot;,&quot;valign&quot;:&quot;top&quot;,&quot;ignore&quot;:&quot;&quot;,&quot;reference&quot;:&quot;auto&quot;,&quot;class&quot;:&quot;&quot;,&quot;count&quot;:&quot;30&quot;,&quot;legendonly&quot;:&quot;&quot;,&quot;readonly&quot;:&quot;&quot;,&quot;score&quot;:&quot;4.6&quot;,&quot;starsonly&quot;:&quot;&quot;,&quot;best&quot;:&quot;5&quot;,&quot;gap&quot;:&quot;5&quot;,&quot;greet&quot;:&quot;Rate this product&quot;,&quot;legend&quot;:&quot;4.6\\\/5 - (30 b\u00ecnh ch\u1ecdn)&quot;,&quot;size&quot;:&quot;24&quot;,&quot;title&quot;:&quot;Waste Wooden Pallet Grinder | Industrial Wood Shredder&quot;,&quot;width&quot;:&quot;130.9&quot;,&quot;_legend&quot;:&quot;{score}\\\/{best} - ({count} {votes})&quot;,&quot;font_factor&quot;:&quot;1.25&quot;}'>              <div class=\"kksr-stars\">      <div class=\"kksr-stars-inactive\">             <div class=\"kksr-star\" data-star=\"1\" style=\"padding-right: 5px\">               <div class=\"kksr-icon\" style=\"width: 24px; height: 24px;\"><\/div>         <\/div>             <div class=\"kksr-star\" data-star=\"2\" style=\"padding-right: 5px\">               <div class=\"kksr-icon\" style=\"width: 24px; height: 24px;\"><\/div>         <\/div>             <div class=\"kksr-star\" data-star=\"3\" style=\"padding-right: 5px\">               <div class=\"kksr-icon\" style=\"width: 24px; height: 24px;\"><\/div>         <\/div>             <div class=\"kksr-star\" data-star=\"4\" style=\"padding-right: 5px\">               <div class=\"kksr-icon\" style=\"width: 24px; height: 24px;\"><\/div>         <\/div>             <div class=\"kksr-star\" data-star=\"5\" style=\"padding-right: 5px\">               <div class=\"kksr-icon\" style=\"width: 24px; height: 24px;\"><\/div>         <\/div>     <\/div>      <div class=\"kksr-stars-active\" style=\"width: 130.9px;\">             <div class=\"kksr-star\" style=\"padding-right: 5px\">               <div class=\"kksr-icon\" style=\"width: 24px; height: 24px;\"><\/div>         <\/div>             <div class=\"kksr-star\" style=\"padding-right: 5px\">               <div class=\"kksr-icon\" style=\"width: 24px; height: 24px;\"><\/div>         <\/div>             <div class=\"kksr-star\" style=\"padding-right: 5px\">               <div class=\"kksr-icon\" style=\"width: 24px; height: 24px;\"><\/div>         <\/div>             <div class=\"kksr-star\" style=\"padding-right: 5px\">               <div class=\"kksr-icon\" style=\"width: 24px; height: 24px;\"><\/div>         <\/div>             <div class=\"kksr-star\" style=\"padding-right: 5px\">               <div class=\"kksr-icon\" style=\"width: 24px; height: 24px;\"><\/div>         <\/div>     <\/div> <\/div>                   <div class=\"kksr-legend\" style=\"font-size: 19.2px;\">             4.6\/5 - (30 phi\u1ebfu b\u1ea7u)    <\/div>     <\/div>  <p class=\"translation-block\">M\u00e1y nghi\u1ec1n pallet g\u1ed7 th\u1ea3i ph\u00f9 h\u1ee3p cho vi\u1ec7c nghi\u1ec1n c\u00e1c v\u1eadt li\u1ec7u c\u00f3 h\u00ecnh d\u1ea1ng \u0111\u1eb7c bi\u1ec7t v\u00e0 c\u00f3 th\u1ec3 c\u1eaft tr\u1ef1c ti\u1ebfp c\u00e1c v\u1eadt li\u1ec7u d\u00e0i h\u01a1n. N\u00f3 c\u00f3 th\u1ec3 nghi\u1ec1n c\u00e1c kh\u00fac g\u1ed7 kh\u00f4ng \u0111\u1ec1u, tre, c\u00e0nh c\u00e2y, <strong> <\/strong>pallet g\u1ed7 v\u00e0 kim lo\u1ea1i nh\u1eb9. M\u00e1y h\u1ee7y g\u1ed7 c\u00f4ng nghi\u1ec7p Shuliy \u0111\u01b0\u1ee3c s\u1eed d\u1ee5ng r\u1ed9ng r\u00e3i, c\u00f3 n\u0103ng su\u1ea5t cao, m\u1ea1nh m\u1ebd v\u00e0 b\u1ec1n b\u1ec9, v\u00e0 ti\u1ebfng \u1ed3n th\u1ea5p. T\u00f3m l\u1ea1i, n\u00f3 r\u1ea5t ph\u00f9 h\u1ee3p cho vi\u1ec7c ch\u1ebf bi\u1ebfn g\u1ed7 theo l\u00f4 li\u00ean t\u1ee5c. \u0110\u00e2y l\u00e0 m\u1ed9t <strong><a href=\"https:\/\/charcoalplant.com\/vi\/news\/how-to-make-money-from-waste-wood-doors-and-windows\/\">thi\u1ebft b\u1ecb c\u00f3 l\u1ee3i nhu\u1eadn<\/a><\/strong>. H\u01a1n n\u1eefa, ch\u00fang t\u00f4i tin r\u1eb1ng ch\u00fang t\u00f4i s\u1ebd h\u1ee3p t\u00e1c vui v\u1ebb v\u1edbi b\u1ea1n.<\/p>    <h2 class=\"wp-block-heading\" id=\"raw-materials-of-industrial-wood-shredder\"><strong>Nguy\u00ean li\u1ec7u c\u1ee7a m\u00e1y b\u0103m g\u1ed7 c\u00f4ng nghi\u1ec7p<\/strong><\/h2>    <p>M\u00e1y nghi\u1ec1n g\u1ed7 c\u00f4ng nghi\u1ec7p c\u00f2n \u0111\u01b0\u1ee3c g\u1ecdi l\u00e0 m\u00e1y nghi\u1ec1n t\u1ed5ng h\u1ee3p. B\u1edfi v\u00ec n\u00f3 c\u00f3 th\u1ec3 x\u1eed l\u00fd \u0111\u01b0\u1ee3c nhi\u1ec1u lo\u1ea1i v\u1eadt li\u1ec7u g\u1ed7. T\u00f3m t\u1eaft ng\u1eafn g\u1ecdn, nguy\u00ean li\u1ec7u th\u00f4 c\u1ee7a m\u00e1y h\u1ee7y pallet g\u1ed7 th\u1ea3i \u0111\u01b0\u1ee3c chia th\u00e0nh hai lo\u1ea1i: nguy\u00ean li\u1ec7u th\u00f4 th\u00f4ng th\u01b0\u1eddng v\u00e0 nguy\u00ean li\u1ec7u th\u00f4 b\u1eb1ng kim lo\u1ea1i.<\/p>    <ul class=\"wp-block-list\"> <li>Nguy\u00ean li\u1ec7u th\u00f4 th\u00f4ng th\u01b0\u1eddng: kh\u00fac g\u1ed7, c\u00e0nh c\u00e2y, v\u00e1n g\u1ed7, tre, ph\u1ebf li\u1ec7u ch\u1ebf bi\u1ebfn g\u1ed7, l\u00f5i ng\u00f4, <a href=\"https:\/\/charcoalplant.com\/vi\/info\/what-are-the-uses-of-coconut-shells\/\">g\u00e1o d\u1eeba<\/a>, thu\u1ed1c l\u00e1, thu\u1ed1c th\u1ea3o d\u01b0\u1ee3c Trung Qu\u1ed1c, v.v.<\/li> <\/ul>    <figure class=\"wp-block-gallery has-nested-images columns-4 is-cropped wp-block-gallery-2 is-layout-flex wp-block-gallery-is-layout-flex\"> <figure class=\"wp-block-image size-large\"><img loading=\"lazy\" decoding=\"async\" width=\"720\" height=\"540\" data-id=\"2179\" src=\"https:\/\/charcoalplant.com\/wp-content\/uploads\/2022\/01\/corn-cob.jpg\" alt=\"\" class=\"wp-image-2179\"\/><\/figure>    <figure class=\"wp-block-image size-large\"><img loading=\"lazy\" decoding=\"async\" width=\"720\" height=\"540\" data-id=\"2180\" src=\"https:\/\/charcoalplant.com\/wp-content\/uploads\/2022\/01\/raw-coconut-shell.jpg\" alt=\"\" class=\"wp-image-2180\"\/><\/figure>    <figure class=\"wp-block-image size-large\"><img loading=\"lazy\" decoding=\"async\" width=\"720\" height=\"540\" data-id=\"2178\" src=\"https:\/\/charcoalplant.com\/wp-content\/uploads\/2022\/01\/scrapwood.jpg\" alt=\"\" class=\"wp-image-2178\"\/><\/figure>    <figure class=\"wp-block-image size-large\"><img loading=\"lazy\" decoding=\"async\" width=\"720\" height=\"540\" data-id=\"2181\" src=\"https:\/\/charcoalplant.com\/wp-content\/uploads\/2022\/01\/tree-branch.jpg\" alt=\"\" class=\"wp-image-2181\"\/><\/figure> <\/figure>    <ul class=\"wp-block-list\"> <li> Nguy\u00ean li\u1ec7u b\u1eb1ng kim lo\u1ea1i: pallet g\u1ed7 ph\u1ebf li\u1ec7u, \u0111\u1ed3 n\u1ed9i th\u1ea5t ph\u1ebf li\u1ec7u, c\u1eeda ra v\u00e0o v\u00e0 c\u1eeda s\u1ed5 c\u00f3 \u0111inh v\u00e0 h\u1ed9p g\u1ed7, v.v.<\/li> <\/ul>    <figure class=\"wp-block-gallery has-nested-images columns-4 is-cropped wp-block-gallery-3 is-layout-flex wp-block-gallery-is-layout-flex\"> <figure class=\"wp-block-image size-large\"><img loading=\"lazy\" decoding=\"async\" width=\"720\" height=\"540\" data-id=\"2182\" src=\"https:\/\/charcoalplant.com\/wp-content\/uploads\/2022\/01\/doors.jpg\" alt=\"\" class=\"wp-image-2182\"\/><\/figure>    <figure class=\"wp-block-image size-large\"><img loading=\"lazy\" decoding=\"async\" width=\"720\" height=\"540\" data-id=\"2183\" src=\"https:\/\/charcoalplant.com\/wp-content\/uploads\/2022\/01\/Wood-pallet.jpg\" alt=\"\" class=\"wp-image-2183\"\/><\/figure>    <figure class=\"wp-block-image size-large\"><img loading=\"lazy\" decoding=\"async\" width=\"720\" height=\"540\" data-id=\"2184\" src=\"https:\/\/charcoalplant.com\/wp-content\/uploads\/2022\/01\/boxes.jpg\" alt=\"\" class=\"wp-image-2184\"\/><\/figure>    <figure class=\"wp-block-image size-large\"><img loading=\"lazy\" decoding=\"async\" width=\"720\" height=\"540\" data-id=\"2185\" src=\"https:\/\/charcoalplant.com\/wp-content\/uploads\/2022\/01\/chair.jpg\" alt=\"\" class=\"wp-image-2185\"\/><\/figure> <\/figure>    <h2 class=\"wp-block-heading\" id=\"structure-of-waste-wooden-pallet-grinder\"><strong>C\u1ea5u t\u1ea1o c\u1ee7a m\u00e1y nghi\u1ec1n pallet g\u1ed7 th\u1ea3i<\/strong><\/h2>    <p class=\"has-text-align-left translation-block\">M\u00e1y nghi\u1ec1n t\u1ed5ng h\u1ee3p c\u00f3 th\u1ec3 x\u1eed l\u00fd g\u1ed7 th\u00f4ng th\u01b0\u1eddng v\u00e0 v\u1eadt li\u1ec7u c\u1ee9ng c\u00f3 kim lo\u1ea1i. C\u1ea5u tr\u00fac c\u1ee7a n\u00f3 ph\u1ee9c t\u1ea1p, v\u00e0 kh\u1ea3 n\u0103ng an to\u00e0n v\u1eadn h\u00e0nh v\u00e0 x\u1eed l\u00fd v\u1eadt li\u1ec7u r\u1ea5t cao. N\u00f3 ch\u1ee7 y\u1ebfu bao g\u1ed3m <strong>tr\u1ee5c \u00e9p, b\u0103ng t\u1ea3i, c\u01b0a m\u00f3c vu\u1ed1t, c\u01b0a l\u01b0\u1ee1i, b\u01a1m th\u1ee7y l\u1ef1c, con l\u0103n t\u1eeb t\u00ednh, l\u01b0\u1edbi, v\u00e0 c\u00e1c ph\u1ee5 ki\u1ec7n kh\u00e1c<\/strong>.<\/p>    <figure class=\"wp-block-gallery has-nested-images columns-2 is-cropped wp-block-gallery-4 is-layout-flex wp-block-gallery-is-layout-flex\"> <figure class=\"wp-block-image size-large\"><img loading=\"lazy\" decoding=\"async\" width=\"720\" height=\"540\" data-id=\"803\" src=\"https:\/\/charcoalplant.com\/wp-content\/uploads\/2021\/11\/Inlet-2.jpg\" alt=\"C\u1eeda v\u00e0o\" class=\"wp-image-803\" srcset=\"https:\/\/charcoalplant.com\/wp-content\/uploads\/2021\/11\/Inlet-2.jpg 720w, https:\/\/charcoalplant.com\/wp-content\/uploads\/2021\/11\/Inlet-2-300x225.jpg 300w\" sizes=\"auto, (max-width: 720px) 100vw, 720px\" \/><figcaption class=\"wp-element-caption\">C\u1eeda v\u00e0o<\/figcaption><\/figure>    <figure class=\"wp-block-image size-large\"><img loading=\"lazy\" decoding=\"async\" width=\"720\" height=\"540\" data-id=\"806\" src=\"https:\/\/charcoalplant.com\/wp-content\/uploads\/2021\/11\/screen-1.jpg\" alt=\"M\u00e0n h\u00ecnh\" class=\"wp-image-806\" srcset=\"https:\/\/charcoalplant.com\/wp-content\/uploads\/2021\/11\/screen-1.jpg 720w, https:\/\/charcoalplant.com\/wp-content\/uploads\/2021\/11\/screen-1-300x225.jpg 300w\" sizes=\"auto, (max-width: 720px) 100vw, 720px\" \/><figcaption class=\"wp-element-caption\">M\u00e0n h\u00ecnh<\/figcaption><\/figure>    <figure class=\"wp-block-image size-full\"><img loading=\"lazy\" decoding=\"async\" width=\"720\" height=\"540\" data-id=\"807\" src=\"https:\/\/charcoalplant.com\/wp-content\/uploads\/2021\/11\/Tiger-Claw-Saw-1.jpg\" alt=\"C\u01b0a m\u00f3ng h\u1ed5\" class=\"wp-image-807\" srcset=\"https:\/\/charcoalplant.com\/wp-content\/uploads\/2021\/11\/Tiger-Claw-Saw-1.jpg 720w, https:\/\/charcoalplant.com\/wp-content\/uploads\/2021\/11\/Tiger-Claw-Saw-1-300x225.jpg 300w\" sizes=\"auto, (max-width: 720px) 100vw, 720px\" \/><figcaption class=\"wp-element-caption\">C\u01b0a m\u00f3ng h\u1ed5<\/figcaption><\/figure>    <figure class=\"wp-block-image size-full\"><img loading=\"lazy\" decoding=\"async\" width=\"720\" height=\"540\" data-id=\"1820\" src=\"https:\/\/charcoalplant.com\/wp-content\/uploads\/2021\/11\/Magnetic-Roller.jpg\" alt=\"Con l\u0103n t\u1eeb t\u00ednh\" class=\"wp-image-1820\" srcset=\"https:\/\/charcoalplant.com\/wp-content\/uploads\/2021\/11\/Magnetic-Roller.jpg 720w, https:\/\/charcoalplant.com\/wp-content\/uploads\/2021\/11\/Magnetic-Roller-300x225.jpg 300w\" sizes=\"auto, (max-width: 720px) 100vw, 720px\" \/><figcaption class=\"wp-element-caption\">Con l\u0103n t\u1eeb t\u00ednh<\/figcaption><\/figure> <\/figure>    <h2 class=\"wp-block-heading\" id=\"h-working-principle-of-industrial-wood-crusher\"><strong>Nguy\u00ean l\u00fd ho\u1ea1t \u0111\u1ed9ng c\u1ee7a m\u00e1y nghi\u1ec1n g\u1ed7 c\u00f4ng nghi\u1ec7p<\/strong><\/h2>    <p>\u0110\u1ea7u ti\u00ean, c\u00e1c pallet g\u1ed7 \u0111\u01b0\u1ee3c chuy\u1ec3n \u0111\u1ebfn c\u00e1c con l\u0103n \u00e9p b\u1eb1ng b\u0103ng chuy\u1ec1n x\u00edch. Con l\u0103n \u00e1p l\u1ef1c \u0111\u01b0\u1ee3c s\u1eed d\u1ee5ng \u0111\u1ec3 cho \u0103n c\u01b0\u1ee1ng b\u1ee9c. Sau \u0111\u00f3, pallet g\u1ed7 \u0111\u1ebfn m\u00e1y c\u01b0a m\u00f3ng h\u1ed5 (c\u01b0a dao d\u00f9ng cho g\u1ed7 th\u00f4ng th\u01b0\u1eddng) v\u00e0 \u0111\u01b0\u1ee3c m\u00e1y c\u1eaft quay c\u1eaft v\u00e0 \u0111\u1eadp v\u1ee1. Cu\u1ed1i c\u00f9ng, khi \u0111\u1eb7c t\u00ednh v\u1eadt li\u1ec7u \u0111\u00e1p \u1ee9ng \u0111\u01b0\u1ee3c kh\u1ea9u \u0111\u1ed9 c\u1ee7a s\u00e0ng, vi\u00ean g\u1ed7 s\u1ebd \u0111\u01b0\u1ee3c th\u1ea3i ra kh\u1ecfi c\u1ed5ng x\u1ea3. N\u1ebfu c\u00f3 \u0111inh trong m\u00f9n c\u01b0a, con l\u0103n t\u1eeb t\u00ednh \u1edf \u0111\u1ea7u ra c\u00f3 th\u1ec3 t\u00e1ch kim lo\u1ea1i ra.<\/p>    <figure class=\"wp-block-gallery has-nested-images columns-default is-cropped wp-block-gallery-5 is-layout-flex wp-block-gallery-is-layout-flex\"> <figure class=\"wp-block-image size-full\"><img loading=\"lazy\" decoding=\"async\" width=\"720\" height=\"540\" data-id=\"2196\" src=\"https:\/\/charcoalplant.com\/wp-content\/uploads\/2021\/11\/wood-pallet-grinder-plant.jpg\" alt=\"nh\u00e0 m\u00e1y nghi\u1ec1n pallet g\u1ed7\" class=\"wp-image-2196\"\/><figcaption class=\"wp-element-caption\">nh\u00e0 m\u00e1y nghi\u1ec1n pallet g\u1ed7<\/figcaption><\/figure> <\/figure>    <h2 class=\"wp-block-heading\" id=\"video-of-waste-wooden-pallet-shredder\"><strong>Video m\u00e1y nghi\u1ec1n pallet g\u1ed7 th\u1ea3i<\/strong><\/h2>    <p>M\u00e1y nghi\u1ec1n pallet g\u1ed7 l\u00e0 m\u1ed9t thi\u1ebft b\u1ecb nghi\u1ec1n to\u00e0n di\u1ec7n quy m\u00f4 l\u1edbn. H\u01a1n n\u1eefa, n\u00f3 r\u1ea5t \u0111\u01a1n gi\u1ea3n \u0111\u1ec3 ho\u1ea1t \u0111\u1ed9ng. Ch\u00fang ta h\u00e3y xem kh\u1ea3 n\u0103ng nghi\u1ec1n n\u00e1t \u0111\u00e1ng kinh ng\u1ea1c c\u1ee7a n\u00f3.<\/p>    <figure class=\"wp-block-embed is-type-video is-provider-youtube wp-block-embed-youtube wp-embed-aspect-16-9 wp-has-aspect-ratio\"><div class=\"wp-block-embed__wrapper\"> <iframe loading=\"lazy\" title=\"M\u00e1y m\u00e0i pallet g\u1ed7 th\u1ea3i | Nh\u00e0 s\u1ea3n xu\u1ea5t m\u00e1y nghi\u1ec1n g\u1ed7 c\u00f4ng nghi\u1ec7p #woodpallet #scrapwood\" width=\"500\" height=\"281\" src=\"https:\/\/www.youtube.com\/embed\/ivqMxGKKbVs?feature=oembed\" frameborder=\"0\" allow=\"accelerometer; autoplay; clipboard-write; encrypted-media; gyroscope; picture-in-picture; web-share\" referrerpolicy=\"strict-origin-when-cross-origin\" allowfullscreen><\/iframe> <\/div><\/figure>    <h2 class=\"wp-block-heading\" id=\"parameters-of-waste-wooden-pallet-grinder\"><strong>C\u00e1c th\u00f4ng s\u1ed1 c\u1ee7a m\u00e1y nghi\u1ec1n pallet g\u1ed7 th\u1ea3i<\/strong><\/h2>    <p>V\u1eadn chuy\u1ec3n th\u1ee9c \u0103n c\u1ee7a m\u00e1y nghi\u1ec1n g\u1ed7 c\u00f4ng nghi\u1ec7p th\u01b0\u1eddng l\u00e0 6m v\u00e0 v\u1eadn chuy\u1ec3n x\u1ea3 th\u01b0\u1eddng l\u00e0 8m. Ngo\u00e0i ra ch\u00fang t\u00f4i c\u00f2n c\u00f3 t\u1ee7 ph\u00e2n ph\u1ed1i \u0111i\u1ec7n cho m\u00e1y h\u1ee7y g\u1ed7. V\u00ec v\u1eady, to\u00e0n b\u1ed9 qu\u00e1 tr\u00ecnh v\u1eadn h\u00e0nh s\u1ebd kh\u00f4ng ch\u1ec9 \u0111\u01a1n gi\u1ea3n m\u00e0 c\u00f2n an to\u00e0n.<\/p>    <figure class=\"wp-block-table is-style-stripes\"><table><tbody><tr><td>Ng\u01b0\u1eddi m\u1eabu<\/td><td>SL-C1300<\/td><td>SL-C1400<\/td><td>SL-C1600<\/td><\/tr><tr><td>K\u00edch th\u01b0\u1edbc \u0111\u1ea7u v\u00e0o cho \u0103n<\/td><td>1300*500mm<\/td><td>1400*800mm<\/td><td>1600*800mm<\/td><\/tr><tr><td>Cho \u0103n \u0111\u01b0\u1eddng k\u00ednh t\u1ed1i \u0111a<\/td><td>400mm<\/td><td>500mm<\/td><td>600mm<\/td><\/tr><tr><td>K\u00edch th\u01b0\u1edbc \u0111\u1ea7u ra<\/td><td>d\u01b0\u1edbi 100mm<\/td><td>d\u01b0\u1edbi 100mm<\/td><td>d\u01b0\u1edbi 100mm<\/td><\/tr><tr><td>B\u0103ng t\u1ea3i \u0111\u1ea7u v\u00e0o<\/td><td>6m<\/td><td>6m<\/td><td>6m<\/td><\/tr><tr><td>B\u0103ng t\u1ea3i \u0111\u1ea7u ra<\/td><td>8m<\/td><td>10m<\/td><td>10m<\/td><\/tr><tr><td>l\u01b0\u1ee1i dao<\/td><td>20 chi\u1ebfc<\/td><td>32 chi\u1ebfc<\/td><td>66 chi\u1ebfc<\/td><\/tr><tr><td>Dung t\u00edch<\/td><td>8-10t\/gi\u1edd<\/td><td>10-15t\/gi\u1edd<\/td><td>20-30t\/gi\u1edd<\/td><\/tr><tr><td>T\u1ed5ng c\u00f4ng su\u1ea5t<\/td><td>156,5kw<\/td><td>213,5kw<\/td><td>233,5kw<\/td><\/tr><tr><td>K\u00edch th\u01b0\u1edbc t\u1ed5ng th\u1ec3<\/td><td>8600*2000*2300mm<\/td><td>9600*2400*3300mm<\/td><td>12500*2800*3200mm<\/td><\/tr><\/tbody><\/table><\/figure>    <h2 class=\"wp-block-heading\" id=\"advantages-of-shuliy-wood-pallet-crusher\"><strong>\u01afu \u0111i\u1ec3m c\u1ee7a m\u00e1y nghi\u1ec1n pallet g\u1ed7 Shuliy<\/strong><\/h2>    <ol class=\"wp-block-list\"> <li>Nguy\u00ean li\u1ec7u th\u00f4 c\u1ee7a n\u00f3 kh\u00f4ng ch\u1ec9 bao g\u1ed3m nguy\u00ean li\u1ec7u th\u00f4 c\u1ee7a c\u00e1c thi\u1ebft b\u1ecb ch\u1ebf bi\u1ebfn g\u1ed7 kh\u00e1c (ch\u1eb3ng h\u1ea1n nh\u01b0 <strong><a href=\"https:\/\/charcoalplant.com\/vi\/wood-wastes-recycling-machine\/wood-crusher-machine\/\">m\u00e1y l\u00e0m m\u00f9n c\u01b0a<\/a><\/strong>v\u00e0 m\u00e1y b\u0103m g\u1ed7). Ngo\u00e0i ra, n\u00f3 c\u00f3 th\u1ec3 x\u1eed l\u00fd g\u1ed7 b\u1eb1ng kim lo\u1ea1i.<\/li>    <li>M\u1ed9t m\u1eb7t, vi\u1ec7c s\u1eed d\u1ee5ng t\u1ee7 ph\u00e2n ph\u1ed1i \u0111i\u1ec7n gi\u00fap cho vi\u1ec7c v\u1eadn h\u00e0nh an to\u00e0n v\u00e0 thu\u1eadn ti\u1ec7n h\u01a1n. M\u1eb7t kh\u00e1c, m\u00e1y nghi\u1ec1n to\u00e0n di\u1ec7n r\u1ea5t d\u1ec5 b\u1ea3o tr\u00ec v\u00e0 s\u1ea1ch s\u1ebd.<\/li>    <li>Do c\u00f3 c\u1ed5ng c\u1ea5p li\u1ec7u cao n\u00ean n\u00f3 c\u00f3 th\u1ec3 \u0111\u01b0\u1ee3c s\u1eed d\u1ee5ng \u0111\u1ec3 c\u1ea5p li\u1ec7u \u0111i\u1ec1u khi\u1ec3n t\u1eeb xa (ti\u1ebft ki\u1ec7m nh\u00e2n c\u00f4ng).<\/li> <\/ol>    <figure class=\"wp-block-gallery has-nested-images columns-default is-cropped wp-block-gallery-6 is-layout-flex wp-block-gallery-is-layout-flex\"> <figure class=\"wp-block-image size-full\"><img loading=\"lazy\" decoding=\"async\" width=\"720\" height=\"540\" data-id=\"1825\" src=\"https:\/\/charcoalplant.com\/wp-content\/uploads\/2022\/01\/mobile-wood-crushing-machine.jpg\" alt=\"m\u00e1y nghi\u1ec1n g\u1ed7 di \u0111\u1ed9ng\" class=\"wp-image-1825\" srcset=\"https:\/\/charcoalplant.com\/wp-content\/uploads\/2022\/01\/mobile-wood-crushing-machine.jpg 720w, https:\/\/charcoalplant.com\/wp-content\/uploads\/2022\/01\/mobile-wood-crushing-machine-300x225.jpg 300w\" sizes=\"auto, (max-width: 720px) 100vw, 720px\" \/><figcaption class=\"wp-element-caption\">m\u00e1y nghi\u1ec1n g\u1ed7 di \u0111\u1ed9ng<\/figcaption><\/figure>    <figure class=\"wp-block-image size-full\"><img loading=\"lazy\" decoding=\"async\" width=\"720\" height=\"540\" data-id=\"1826\" src=\"https:\/\/charcoalplant.com\/wp-content\/uploads\/2022\/01\/wood-chips-1.jpg\" alt=\"d\u0103m g\u1ed7\" class=\"wp-image-1826\" srcset=\"https:\/\/charcoalplant.com\/wp-content\/uploads\/2022\/01\/wood-chips-1.jpg 720w, https:\/\/charcoalplant.com\/wp-content\/uploads\/2022\/01\/wood-chips-1-300x225.jpg 300w\" sizes=\"auto, (max-width: 720px) 100vw, 720px\" \/><figcaption class=\"wp-element-caption\">d\u0103m g\u1ed7<\/figcaption><\/figure> <\/figure>    <h2 class=\"wp-block-heading\" id=\"h-wood-shredder-price\">C\u00f4ng nghi\u1ec7p <strong>gi\u00e1 m\u00e1y b\u0103m g\u1ed7<\/strong><\/h2>    <p class=\"translation-block\">Shuliy Machinery cung c\u1ea5p nhi\u1ec1u ph\u1ee5 ki\u1ec7n cho m\u00e1y nghi\u1ec1n pallet g\u1ed7. H\u01a1n n\u1eefa, gi\u00e1 c\u1ee7a c\u00e1c ph\u1ee5 ki\u1ec7n v\u1edbi c\u00e1c v\u1eadt li\u1ec7u v\u00e0 th\u00f4ng s\u1ed1 kh\u00e1c nhau c\u0169ng kh\u00e1c nhau. Ch\u00fang t\u00f4i kh\u00f4ng ch\u1ec9 c\u00f3 th\u1ec3 cung c\u1ea5p c\u00e1c m\u00e1y nghi\u1ec1n pallet g\u1ed7 <strong>\u0111\u1ed9ng c\u01a1 diesel t\u00edch h\u1ee3p<\/strong> c\u00f3 b\u00e1nh xe m\u00e0 c\u00f2n c\u00f3 th\u1ec3 \u0111i\u1ec1u ch\u1ec9nh c\u1ea5u tr\u00fac m\u00e1y \u0111\u1ec3 \u0111\u00e1p \u1ee9ng y\u00eau c\u1ea7u c\u1ee5 th\u1ec3 c\u1ee7a kh\u00e1ch h\u00e0ng. C\u00f3 nhi\u1ec1u y\u1ebfu t\u1ed1 \u1ea3nh h\u01b0\u1edfng \u0111\u1ebfn gi\u00e1 c\u1ea3. N\u1ebfu b\u1ea1n l\u1ea1c quan v\u1ec1 thi\u1ebft b\u1ecb c\u1ee7a ch\u00fang t\u00f4i, xin vui l\u00f2ng li\u00ean h\u1ec7 v\u1edbi ch\u00fang t\u00f4i v\u00e0 cho ch\u00fang t\u00f4i bi\u1ebft. Ch\u00fang t\u00f4i s\u1ebd cung c\u1ea5p cho b\u1ea1n k\u1ebf ho\u1ea1ch ph\u00f9 h\u1ee3p v\u00e0 \u0111\u01b0a ra gi\u00e1 c\u1ea3 h\u1ee3p l\u00fd.<\/p>    <figure class=\"wp-block-gallery has-nested-images columns-default is-cropped wp-block-gallery-7 is-layout-flex wp-block-gallery-is-layout-flex\"> <figure class=\"wp-block-image size-full\"><img loading=\"lazy\" decoding=\"async\" width=\"720\" height=\"540\" data-id=\"2194\" src=\"https:\/\/charcoalplant.com\/wp-content\/uploads\/2022\/01\/wood-shredder-1.jpg\" alt=\"m\u00e1y h\u1ee7y g\u1ed7\" class=\"wp-image-2194\"\/><figcaption class=\"wp-element-caption\">m\u00e1y h\u1ee7y g\u1ed7<\/figcaption><\/figure>    <figure class=\"wp-block-image size-full\"><img loading=\"lazy\" decoding=\"async\" width=\"720\" height=\"540\" data-id=\"2195\" src=\"https:\/\/charcoalplant.com\/wp-content\/uploads\/2022\/01\/waste-wooden-pallet-grinder-for-sale.jpg\" alt=\"m\u00e1y nghi\u1ec1n pallet g\u1ed7 th\u1ea3i \u0111\u1ec3 b\u00e1n\" class=\"wp-image-2195\"\/><figcaption class=\"wp-element-caption\">m\u00e1y nghi\u1ec1n pallet g\u1ed7 th\u1ea3i \u0111\u1ec3 b\u00e1n<\/figcaption><\/figure> <\/figure>    <h2 class=\"wp-block-heading\" id=\"h-how-to-make-money-with-a-comprehensive-crusher\"><strong>L\u00e0m th\u1ebf n\u00e0o \u0111\u1ec3 ki\u1ebfm ti\u1ec1n v\u1edbi m\u00e1y nghi\u1ec1n g\u1ed7 to\u00e0n di\u1ec7n?<\/strong><\/h2>    <p class=\"translation-block\">M\u00e1y nghi\u1ec1n pallet g\u1ed7 c\u00f3 th\u1ec3 nghi\u1ec1n g\u1ed7 \u1edf c\u00e1c m\u1ee9c \u0111\u1ed9 kh\u00e1c nhau. Th\u00eam v\u00e0o \u0111\u00f3, nh\u1eefng m\u00f9n c\u01b0a g\u1ed7 n\u00e0y ho\u1eb7c <strong><a href=\"https:\/\/charcoalplant.com\/vi\/log-chipper\/\">m\u1ea3nh g\u1ed7<\/a><\/strong> c\u00f3 th\u1ec3 \u0111\u01b0\u1ee3c s\u1eed d\u1ee5ng \u0111\u1ec3 s\u1ea3n xu\u1ea5t gi\u1ea5y trong c\u00e1c nh\u00e0 m\u00e1y gi\u1ea5y, que carbon \u0111\u01b0\u1ee3c s\u1ea3n xu\u1ea5t trong c\u00e1c nh\u00e0 m\u00e1y than, ph\u00e2n b\u00f3n \u0111\u01b0\u1ee3c s\u1ea3n xu\u1ea5t trong c\u00e1c nh\u00e0 m\u00e1y ph\u00e2n b\u00f3n, v.v. C\u00e1c nh\u00e0 m\u00e1y c\u0169ng c\u00f3 th\u1ec3 s\u1eed d\u1ee5ng ch\u00fang \u0111\u1ec3 s\u01b0\u1edfi \u1ea5m nhi\u00ean li\u1ec7u. Do \u0111\u00f3, b\u1ea1n c\u00f3 th\u1ec3 \u0111\u1ea7u t\u01b0 v\u00e0o m\u1ed9t m\u00e1y nghi\u1ec1n t\u1ed5ng h\u1ee3p \u0111\u1eb7c bi\u1ec7t \u0111\u1ec3 cung c\u1ea5p vi\u00ean g\u1ed7 ho\u1eb7c \u0111\u1eb7t ch\u00fang trong d\u00e2y chuy\u1ec1n s\u1ea3n xu\u1ea5t \u0111\u1ec3 ti\u1ebfp li\u1ec7u tr\u1ef1c ti\u1ebfp.<\/p>    <figure class=\"wp-block-gallery has-nested-images columns-default is-cropped wp-block-gallery-8 is-layout-flex wp-block-gallery-is-layout-flex\"> <figure class=\"wp-block-image size-large\"><img loading=\"lazy\" decoding=\"async\" width=\"720\" height=\"540\" data-id=\"2192\" src=\"https:\/\/charcoalplant.com\/wp-content\/uploads\/2022\/01\/wood-pellets-1.jpg\" alt=\"vi\u00ean g\u1ed7\" class=\"wp-image-2192\"\/><figcaption class=\"wp-element-caption\">vi\u00ean g\u1ed7<\/figcaption><\/figure> <\/figure>    <p><\/p>","protected":false},"excerpt":{"rendered":"<p>M\u00e1y nghi\u1ec1n pallet g\u1ed7 th\u1ea3i l\u00e0 thi\u1ebft b\u1ecb t\u00e1i ch\u1ebf g\u1ed7 c\u00f3 c\u00f4ng su\u1ea5t l\u1edbn v\u00e0 \u0111\u1ed9 b\u1ec1n nghi\u1ec1n cao.<\/p>","protected":false},"author":1,"featured_media":914,"parent":0,"template":"","tags":[64],"product-type":[3],"class_list":["post-783","product","type-product","status-publish","has-post-thumbnail","hentry","tag-wood-wastes-recycling-machine","product-type-wood-wastes-recycling-machine"],"_links":{"self":[{"href":"https:\/\/charcoalplant.com\/vi\/wp-json\/wp\/v2\/product\/783","targetHints":{"allow":["GET"]}}],"collection":[{"href":"https:\/\/charcoalplant.com\/vi\/wp-json\/wp\/v2\/product"}],"about":[{"href":"https:\/\/charcoalplant.com\/vi\/wp-json\/wp\/v2\/types\/product"}],"author":[{"embeddable":true,"href":"https:\/\/charcoalplant.com\/vi\/wp-json\/wp\/v2\/users\/1"}],"wp:featuredmedia":[{"embeddable":true,"href":"https:\/\/charcoalplant.com\/vi\/wp-json\/wp\/v2\/media\/914"}],"wp:attachment":[{"href":"https:\/\/charcoalplant.com\/vi\/wp-json\/wp\/v2\/media?parent=783"}],"wp:term":[{"taxonomy":"post_tag","embeddable":true,"href":"https:\/\/charcoalplant.com\/vi\/wp-json\/wp\/v2\/tags?post=783"},{"taxonomy":"product-type","embeddable":true,"href":"https:\/\/charcoalplant.com\/vi\/wp-json\/wp\/v2\/product-type?post=783"}],"curies":[{"name":"wp","href":"https:\/\/api.w.org\/{rel}","templated":true}]}}