{"id":786,"date":"2021-11-24T05:30:57","date_gmt":"2021-11-24T05:30:57","guid":{"rendered":"https:\/\/charcoalplant.com\/?p=786"},"modified":"2023-04-03T10:59:08","modified_gmt":"2023-04-03T02:59:08","slug":"drum-chipper","status":"publish","type":"product","link":"https:\/\/charcoalplant.com\/vi\/product\/drum-chipper\/","title":{"rendered":"M\u00e1y b\u0103m tr\u1ed1ng | M\u00e1y Chipper G\u1ed7 T\u1ed1t Nh\u1ea5t"},"content":{"rendered":"<div class=\"kk-star-ratings kksr-auto kksr-align-left kksr-valign-top\"     data-payload='{&quot;align&quot;:&quot;left&quot;,&quot;id&quot;:&quot;786&quot;,&quot;slug&quot;:&quot;default&quot;,&quot;valign&quot;:&quot;top&quot;,&quot;ignore&quot;:&quot;&quot;,&quot;reference&quot;:&quot;auto&quot;,&quot;class&quot;:&quot;&quot;,&quot;count&quot;:&quot;8&quot;,&quot;legendonly&quot;:&quot;&quot;,&quot;readonly&quot;:&quot;&quot;,&quot;score&quot;:&quot;4.5&quot;,&quot;starsonly&quot;:&quot;&quot;,&quot;best&quot;:&quot;5&quot;,&quot;gap&quot;:&quot;5&quot;,&quot;greet&quot;:&quot;Rate this product&quot;,&quot;legend&quot;:&quot;4.5\\\/5 - (8 b\u00ecnh ch\u1ecdn)&quot;,&quot;size&quot;:&quot;24&quot;,&quot;title&quot;:&quot;Drum Chipper | Best Wood Chipper Machine&quot;,&quot;width&quot;:&quot;128&quot;,&quot;_legend&quot;:&quot;{score}\\\/{best} - ({count} {votes})&quot;,&quot;font_factor&quot;:&quot;1.25&quot;}'>              <div class=\"kksr-stars\">      <div class=\"kksr-stars-inactive\">             <div class=\"kksr-star\" data-star=\"1\" style=\"padding-right: 5px\">               <div class=\"kksr-icon\" style=\"width: 24px; height: 24px;\"><\/div>         <\/div>             <div class=\"kksr-star\" data-star=\"2\" style=\"padding-right: 5px\">               <div class=\"kksr-icon\" style=\"width: 24px; height: 24px;\"><\/div>         <\/div>             <div class=\"kksr-star\" data-star=\"3\" style=\"padding-right: 5px\">               <div class=\"kksr-icon\" style=\"width: 24px; height: 24px;\"><\/div>         <\/div>             <div class=\"kksr-star\" data-star=\"4\" style=\"padding-right: 5px\">               <div class=\"kksr-icon\" style=\"width: 24px; height: 24px;\"><\/div>         <\/div>             <div class=\"kksr-star\" data-star=\"5\" style=\"padding-right: 5px\">               <div class=\"kksr-icon\" style=\"width: 24px; height: 24px;\"><\/div>         <\/div>     <\/div>      <div class=\"kksr-stars-active\" style=\"width: 128px;\">             <div class=\"kksr-star\" style=\"padding-right: 5px\">               <div class=\"kksr-icon\" style=\"width: 24px; height: 24px;\"><\/div>         <\/div>             <div class=\"kksr-star\" style=\"padding-right: 5px\">               <div class=\"kksr-icon\" style=\"width: 24px; height: 24px;\"><\/div>         <\/div>             <div class=\"kksr-star\" style=\"padding-right: 5px\">               <div class=\"kksr-icon\" style=\"width: 24px; height: 24px;\"><\/div>         <\/div>             <div class=\"kksr-star\" style=\"padding-right: 5px\">               <div class=\"kksr-icon\" style=\"width: 24px; height: 24px;\"><\/div>         <\/div>             <div class=\"kksr-star\" style=\"padding-right: 5px\">               <div class=\"kksr-icon\" style=\"width: 24px; height: 24px;\"><\/div>         <\/div>     <\/div> <\/div>                   <div class=\"kksr-legend\" style=\"font-size: 19.2px;\">             4.5\/5 - (8 B\u00ecnh Ch\u1ecdn)    <\/div>     <\/div>  <p class=\"translation-block\"><strong>M\u00e1y b\u0103m d\u0103m<\/strong> l\u00e0 lo\u1ea1i m\u00e1y b\u0103m g\u1ed7 c\u00f3 n\u0103ng su\u1ea5t cao, hi\u1ec7u qu\u1ea3 cao, s\u1ea3n l\u01b0\u1ee3ng cao. V\u00e0 n\u00f3 th\u01b0\u1eddng xu\u1ea5t hi\u1ec7n trong qu\u00e1 tr\u00ecnh s\u01a1 ch\u1ebf nguy\u00ean li\u1ec7u c\u1ee7a c\u00e1c d\u00e2y chuy\u1ec1n s\u1ea3n xu\u1ea5t kh\u00e1c nhau. V\u00ec v\u1eady, \u0111\u00e2y l\u00e0 <strong><a href=\"https:\/\/charcoalplant.com\/vi\/wood-wastes-recycling-machine\/industrial-comprehensive-crusher\/\">thi\u1ebft b\u1ecb nghi\u1ec1n g\u1ed7<\/a><\/strong> c\u00f3 b\u0103ng t\u1ea3i v\u00e0 t\u1ee7 \u0111i\u1ec1u khi\u1ec3n. Ngo\u00e0i ra, n\u00f3 c\u00f3 h\u1ec7 th\u1ed1ng n\u1ea1p li\u1ec7u th\u1ee7y l\u1ef1c gi\u00fap ki\u1ec3m so\u00e1t vi\u1ec7c n\u1ea1p g\u1ed7 l\u1edbn m\u1ed9t c\u00e1ch an to\u00e0n. T\u00f3m l\u1ea1i, m\u00e1y b\u0103m g\u1ed7 d\u1ea1ng tr\u1ed1ng c\u00f3 \u0111\u1eb7c \u0111i\u1ec3m \u1ee9ng d\u1ee5ng r\u1ed9ng r\u00e3i, an to\u00e0n, \u0111\u1ea7u t\u01b0 th\u1ea5p v\u00e0 ho\u00e0n v\u1ed1n nhanh. N\u1ebfu b\u1ea1n c\u00f3 nhi\u1ec1u g\u1ed7 \u0111\u1ec3 x\u1eed l\u00fd, t\u1ea1i sao kh\u00f4ng c\u00e2n nh\u1eafc n\u00f3? Ch\u00fang t\u00f4i ch\u00e2n th\u00e0nh hy v\u1ecdng \u0111\u01b0\u1ee3c h\u1ee3p t\u00e1c v\u1edbi b\u1ea1n.<\/p>    <h2 class=\"wp-block-heading\" id=\"raw-material-for-drum-chipper\"><strong>Nguy\u00ean li\u1ec7u th\u00f4 cho m\u00e1y b\u0103m tr\u1ed1ng<\/strong> <strong>m\u00e1y m\u00f3c<\/strong><\/h2>    <p>Nguy\u00ean li\u1ec7u c\u1ee7a m\u00e1y b\u0103m tre d\u1ea1ng tr\u1ed1ng bao g\u1ed3m nguy\u00ean li\u1ec7u g\u1ed7 v\u00e0 nguy\u00ean li\u1ec7u phi g\u1ed7. Nguy\u00ean li\u1ec7u g\u1ed7 bao g\u1ed3m g\u1ed7 tr\u00f2n, tre, veneer ph\u1ebf li\u1ec7u, r\u1ec5 c\u00e2y, c\u00e0nh c\u00e2y, v.v. Nguy\u00ean li\u1ec7u phi g\u1ed7: v\u1ecf d\u1eeba, th\u00e2n c\u00e2y b\u00f4ng, s\u1eady, r\u01a1m r\u1ea1, v.v. H\u01a1n n\u1eefa, n\u00f3 c\u00f3 th\u1ec3 x\u1eed l\u00fd tr\u1ef1c ti\u1ebfp c\u00e1c nguy\u00ean li\u1ec7u th\u00f4 c\u00f3 k\u00edch th\u01b0\u1edbc l\u1edbn v\u00e0 nhanh ch\u00f3ng x\u1eed l\u00fd th\u00f4ng th\u01b0\u1eddng. , d\u0103m g\u1ed7 g\u1ecdn g\u00e0ng.<\/p>    <figure class=\"wp-block-gallery has-nested-images columns-1 is-cropped wp-block-gallery-2 is-layout-flex wp-block-gallery-is-layout-flex\"> <figure class=\"wp-block-image size-large\"><img loading=\"lazy\" decoding=\"async\" width=\"900\" height=\"219\" data-id=\"2094\" src=\"https:\/\/charcoalplant.com\/wp-content\/uploads\/2022\/01\/log\uff0cbamboo-woodboard.jpg\" alt=\"kh\u00fac g\u1ed7, tre, v\u00e1n g\u1ed7\" class=\"wp-image-2094\"\/><figcaption class=\"wp-element-caption\">kh\u00fac g\u1ed7, tre, v\u00e1n g\u1ed7<\/figcaption><\/figure>    <figure class=\"wp-block-image size-large\"><img loading=\"lazy\" decoding=\"async\" width=\"918\" height=\"232\" data-id=\"2093\" src=\"https:\/\/charcoalplant.com\/wp-content\/uploads\/2022\/01\/coconutshell-cotton-stalk-straw-.jpg\" alt=\"v\u1ecf d\u1eeba-b\u00f4ng-th\u00e2n r\u01a1m\" class=\"wp-image-2093\"\/><figcaption class=\"wp-element-caption\">v\u1ecf d\u1eeba-b\u00f4ng-th\u00e2n r\u01a1m<\/figcaption><\/figure> <\/figure>    <h2 class=\"wp-block-heading\" id=\"h-structure-of-drum-coconut-shell-chipper\"><strong>C\u1ea5u t\u1ea1o c\u1ee7a m\u00e1y b\u0103m g\u1ed7 d\u1ea1ng tr\u1ed1ng<\/strong><\/h2>    <p>M\u00e1y b\u0103m g\u1ed7 ki\u1ec3u tr\u1ed1ng th\u1ef1c ch\u1ea5t l\u00e0 m\u1ed9t lo\u1ea1i m\u00e1y b\u0103m g\u1ed7 c\u1ee1 l\u1edbn. H\u01a1n n\u1eefa, c\u1ea5u tr\u00fac c\u1ee7a n\u00f3 cao c\u1ea5p h\u01a1n. Th\u00e2n m\u00e1y\u00a0\u0111\u01b0\u1ee3c h\u00e0n b\u1eb1ng v\u1eadt li\u1ec7u th\u00e9p t\u1ea5m ch\u1eafc ch\u1eafn \u0111\u1ec3 h\u1ed7 tr\u1ee3 ch\u1eafc ch\u1eafn cho to\u00e0n b\u1ed9 m\u00e1y. C\u00e1c b\u1ed9 ph\u1eadn ch\u00ednh c\u1ee7a n\u00f3: th\u00e2n m\u00e1y, con l\u0103n dao, m\u00e0n h\u00ecnh, c\u1ea5p li\u1ec7u tr\u00ean v\u00e0 d\u01b0\u1edbi, h\u1ec7 th\u1ed1ng th\u1ee7y l\u1ef1c, thi\u1ebft b\u1ecb v\u1eadn chuy\u1ec3n, t\u1ee7 ph\u1ee5 ki\u1ec7n v\u00e0 c\u00e1c b\u1ed9 ph\u1eadn kh\u00e1c. <\/p>    <figure class=\"wp-block-gallery has-nested-images columns-default is-cropped wp-block-gallery-3 is-layout-flex wp-block-gallery-is-layout-flex\"> <figure class=\"wp-block-image size-large\"><img loading=\"lazy\" decoding=\"async\" width=\"720\" height=\"540\" data-id=\"838\" src=\"https:\/\/charcoalplant.com\/wp-content\/uploads\/2021\/11\/drum-wood-chipper-machine-1.jpg\" alt=\"tr\u1ed1ng-g\u1ed7-m\u00e1y b\u0103m\" class=\"wp-image-838\" srcset=\"https:\/\/charcoalplant.com\/wp-content\/uploads\/2021\/11\/drum-wood-chipper-machine-1.jpg 720w, https:\/\/charcoalplant.com\/wp-content\/uploads\/2021\/11\/drum-wood-chipper-machine-1-300x225.jpg 300w\" sizes=\"auto, (max-width: 720px) 100vw, 720px\" \/><figcaption class=\"wp-element-caption\">tr\u1ed1ng-g\u1ed7-m\u00e1y b\u0103m<\/figcaption><\/figure>    <figure class=\"wp-block-image size-large\"><img loading=\"lazy\" decoding=\"async\" width=\"720\" height=\"540\" data-id=\"848\" src=\"https:\/\/charcoalplant.com\/wp-content\/uploads\/2021\/11\/drum-wood-chippers-machine-for-sale-1-1.jpg\" alt=\"C\u1ea7n b\u00e1n m\u00e1y d\u0103m g\u1ed7 tr\u1ed1ng\" class=\"wp-image-848\" srcset=\"https:\/\/charcoalplant.com\/wp-content\/uploads\/2021\/11\/drum-wood-chippers-machine-for-sale-1-1.jpg 720w, https:\/\/charcoalplant.com\/wp-content\/uploads\/2021\/11\/drum-wood-chippers-machine-for-sale-1-1-300x225.jpg 300w\" sizes=\"auto, (max-width: 720px) 100vw, 720px\" \/><figcaption class=\"wp-element-caption\">C\u1ea7n b\u00e1n m\u00e1y d\u0103m g\u1ed7 tr\u1ed1ng<\/figcaption><\/figure> <\/figure>    <h2 class=\"wp-block-heading\" id=\"h-safety-system-of-drum-chipping-machine\"><strong>H\u1ec7 th\u1ed1ng an to\u00e0n c\u1ee7a m\u00e1y b\u0103m g\u1ed7 d\u1ea1ng tr\u1ed1ng<\/strong><\/h2>    <p>M\u00e1y b\u0103m c\u00e2y Shuliy\u00a0tr\u1ed1ng\u00a0c\u00e2y\u00a0kh\u00f4ng ch\u1ec9 t\u0103ng hi\u1ec7u su\u1ea5t th\u1ef1c t\u1ebf c\u1ee7a thi\u1ebft b\u1ecb m\u00e0 c\u00f2n t\u00ednh \u0111\u1ebfn hi\u1ec7u su\u1ea5t an to\u00e0n c\u1ee7a thi\u1ebft b\u1ecb. Thi\u1ebft b\u1ecb an to\u00e0n c\u1ee7a m\u00e1y l\u00e0m chip tr\u1ed1ng n\u00e0y ch\u1ee7 y\u1ebfu \u0111\u01b0\u1ee3c th\u1ec3 hi\u1ec7n trong h\u1ec7 th\u1ed1ng th\u1ee7y l\u1ef1c v\u00e0 t\u1ee7 \u0111i\u1ec1u khi\u1ec3n.<\/p>    <h3 class=\"wp-block-heading\" id=\"hydraulic-system\"><strong>H\u1ec7 th\u1ed1ng th\u1ee7y l\u1ef1c<\/strong><\/h3>    <p>Trong qu\u00e1 tr\u00ecnh n\u00e0y, h\u1ec7 th\u1ed1ng th\u1ee7y l\u1ef1c ho\u1ea1t \u0111\u1ed9ng nh\u01b0 m\u1ed9t b\u1ed9 \u0111\u1ec7m v\u00e0 c\u00f3 th\u1ec3 t\u1ef1 \u0111\u1ed9ng \u0111i\u1ec1u khi\u1ec3n c\u1ed5ng c\u1ea5p li\u1ec7u \u0111\u1ec3 n\u00e2ng l\u00ean v\u00e0 h\u1ea1 xu\u1ed1ng v\u1edbi t\u1ed1c \u0111\u1ed9 kh\u00f4ng \u0111\u1ed5i. \u0110\u1ed3ng th\u1eddi, n\u00f3 c\u00f2n b\u1ea3o v\u1ec7 m\u00e1y b\u0103m g\u1ed7 c\u1ee1 l\u1edbn v\u00e0 n\u00e2ng cao tu\u1ed5i th\u1ecd c\u1ee7a thi\u1ebft b\u1ecb.<\/p>    <figure class=\"wp-block-gallery has-nested-images columns-default is-cropped wp-block-gallery-4 is-layout-flex wp-block-gallery-is-layout-flex\"> <figure class=\"wp-block-image size-large\"><img loading=\"lazy\" decoding=\"async\" width=\"720\" height=\"540\" data-id=\"2095\" src=\"https:\/\/charcoalplant.com\/wp-content\/uploads\/2022\/01\/drum-chipper-inlet.jpg\" alt=\"\" class=\"wp-image-2095\"\/><\/figure>    <figure class=\"wp-block-image size-large\"><img loading=\"lazy\" decoding=\"async\" width=\"720\" height=\"540\" data-id=\"2097\" src=\"https:\/\/charcoalplant.com\/wp-content\/uploads\/2021\/11\/prevent-wood-jam.jpg\" alt=\"ng\u0103n ng\u1eeba k\u1eb9t g\u1ed7\" class=\"wp-image-2097\"\/><figcaption class=\"wp-element-caption\">ng\u0103n ng\u1eeba k\u1eb9t g\u1ed7<\/figcaption><\/figure> <\/figure>    <h3 class=\"wp-block-heading\" id=\"control-cabinet\"><strong>T\u1ee7 \u0111i\u1ec1u khi\u1ec3n<\/strong><strong><\/strong><\/h3>    <p>M\u00e1y b\u0103m g\u1ed7 ki\u1ec3u tr\u1ed1ng l\u00e0 thi\u1ebft b\u1ecb c\u00f3 quy m\u00f4 l\u1edbn, k\u1ebft c\u1ea5u ph\u1ee9c t\u1ea1p v\u00e0 \u0111\u01b0\u1ee3c trang b\u1ecb 3 \u0111\u1ed9ng c\u01a1. M\u1ee5c \u0111\u00edch c\u1ee7a vi\u1ec7c n\u00e0y c\u0169ng l\u00e0 \u0111\u1ec3 gi\u1ea3m \u0111i\u1ec7n \u00e1p v\u00e0 ph\u00e2n ph\u1ed1i ngu\u1ed3n \u0111i\u1ec7n h\u1ee3p l\u00fd. Tr\u00ean t\u1ee7 \u0111i\u1ec1u khi\u1ec3n c\u00f3 nhi\u1ec1u n\u00fat b\u1ea5m, c\u00f3 th\u1ec3 \u0111i\u1ec1u khi\u1ec3n to\u00e0n b\u1ed9 m\u00e1y m\u1ed9t c\u00e1ch linh ho\u1ea1t. C\u00e1ch n\u00e0y \u0111\u01a1n gi\u1ea3n, hi\u1ec7u qu\u1ea3 v\u00e0 an to\u00e0n.<\/p>    <figure class=\"wp-block-gallery has-nested-images columns-default is-cropped wp-block-gallery-5 is-layout-flex wp-block-gallery-is-layout-flex\"> <figure class=\"wp-block-image size-large\"><img loading=\"lazy\" decoding=\"async\" width=\"720\" height=\"540\" data-id=\"2098\" src=\"https:\/\/charcoalplant.com\/wp-content\/uploads\/2022\/01\/drum-type-wood-chipper-for-sale.jpg\" alt=\"tr\u1ed1ng-lo\u1ea1i-g\u1ed7-\u0111\u1ec3 b\u00e1n\" class=\"wp-image-2098\"\/><figcaption class=\"wp-element-caption\">tr\u1ed1ng-lo\u1ea1i-g\u1ed7-\u0111\u1ec3 b\u00e1n<\/figcaption><\/figure>    <figure class=\"wp-block-image size-large\"><img loading=\"lazy\" decoding=\"async\" width=\"720\" height=\"540\" data-id=\"2099\" src=\"https:\/\/charcoalplant.com\/wp-content\/uploads\/2022\/01\/Inside-of-power-distribution-cabinet.jpg\" alt=\"B\u00ean trong t\u1ee7 ph\u00e2n ph\u1ed1i \u0111i\u1ec7n\" class=\"wp-image-2099\"\/><figcaption class=\"wp-element-caption\">B\u00ean trong t\u1ee7 ph\u00e2n ph\u1ed1i \u0111i\u1ec7n<\/figcaption><\/figure> <\/figure>    <h2 class=\"wp-block-heading\" id=\"video-of-drum-type-chipper\"><strong>Video m\u00e1y b\u0103m ki\u1ec3u tr\u1ed1ng<\/strong><\/h2>    <p>K\u00edch th\u01b0\u1edbc ph\u1ed5 bi\u1ebfn c\u1ee7a g\u1ed7 ho\u1eb7c tre \u0111\u01b0\u1ee3c x\u1eed l\u00fd b\u1eb1ng n\u00f3 l\u00e0 5 mm. N\u00f3 c\u0169ng c\u00f3 th\u1ec3 x\u1eed l\u00fd nguy\u00ean li\u1ec7u th\u00f4 \u0111\u1ebfn 2-3mm. Ch\u00e0o m\u1eebng \u0111\u1ebfn v\u1edbi video. V\u00e0 ch\u00fang t\u00f4i c\u00f3 d\u1ecbch v\u1ee5 t\u01b0 v\u1ea5n mi\u1ec5n ph\u00ed.<\/p>    <figure class=\"wp-block-embed is-type-video is-provider-youtube wp-block-embed-youtube wp-embed-aspect-16-9 wp-has-aspect-ratio\"><div class=\"wp-block-embed__wrapper\"> <iframe loading=\"lazy\" title=\"M\u00e1y h\u1ee7y t\u00e0i li\u1ec7u Log Chipper Thi\u1ebft k\u1ebf m\u1edbi | M\u00e1y c\u1eaft d\u0103m g\u1ed7 tr\u1ed1ng c\u00f4ng nghi\u1ec7p Hi\u1ec7u su\u1ea5t t\u1ed1t\" width=\"500\" height=\"281\" src=\"https:\/\/www.youtube.com\/embed\/mUQ0J9ha5xA?feature=oembed\" frameborder=\"0\" allow=\"accelerometer; autoplay; clipboard-write; encrypted-media; gyroscope; picture-in-picture; web-share\" referrerpolicy=\"strict-origin-when-cross-origin\" allowfullscreen><\/iframe> <\/div><\/figure>    <h2 class=\"wp-block-heading\" id=\"h-uses-of-wood-chips\"><strong>C\u00f4ng d\u1ee5ng c\u1ee7a d\u0103m g\u1ed7<\/strong><\/h2>    <ol class=\"wp-block-list\"> <li>Th\u00e0nh ph\u1ea9m do m\u00e1y b\u0103m g\u00e1o d\u1eeba t\u1ea1o ra c\u00f3 h\u00ecnh d\u00e1ng \u0111\u1ec1u \u0111\u1eb7n, \u0111\u1ed9 d\u00e0y \u0111\u1ed3ng \u0111\u1ec1u. B\u1ea1n c\u00f3 th\u1ec3 ch\u1ecdn m\u1ed9t <strong><a href=\"https:\/\/charcoalplant.com\/vi\/wood-wastes-recycling-machine\/wood-peeling-machine\/\">m\u00e1y b\u00f3c g\u1ed7<\/a><\/strong> \u0111\u1ec3 x\u1eed l\u00fd v\u00e0 sau \u0111\u00f3 chip. Nh\u1eefng d\u0103m g\u1ed7 n\u00e0y c\u00f3 th\u1ec3 \u0111\u01b0\u1ee3c b\u00e1n tr\u1ef1c ti\u1ebfp v\u00e0 \u0111\u1ed1t ch\u00e1y.<\/li>    <li>M\u00e1y b\u0103m g\u1ed7 d\u1ea1ng tr\u1ed1ng c\u0169ng c\u00f3 th\u1ec3 \u0111\u01b0\u1ee3c s\u1eed d\u1ee5ng c\u00f9ng v\u1edbi <strong><a href=\"https:\/\/charcoalplant.com\/vi\/wood-wastes-recycling-machine\/hammer-mill\/\">m\u00e1y nghi\u1ec1n b\u00faa<\/a><\/strong> trong d\u00e2y chuy\u1ec1n s\u1ea3n xu\u1ea5t than c\u1ee7i v\u00e0 d\u00e2y chuy\u1ec1n s\u1ea3n xu\u1ea5t m\u00f9n c\u01b0a.<\/li>    <li>Nh\u1eefng d\u0103m g\u1ed7 n\u00e0y c\u00f3 th\u1ec3 \u0111\u01b0\u1ee3c s\u1eed d\u1ee5ng \u0111\u1ec3 s\u00e1ng t\u1ea1o ngh\u1ec7 thu\u1eadt trong ng\u00e0nh ngh\u1ec7 thu\u1eadt.<\/li> <\/ol>    <figure class=\"wp-block-gallery has-nested-images columns-default is-cropped wp-block-gallery-6 is-layout-flex wp-block-gallery-is-layout-flex\"> <figure class=\"wp-block-image size-large\"><img loading=\"lazy\" decoding=\"async\" width=\"720\" height=\"540\" data-id=\"2102\" src=\"https:\/\/charcoalplant.com\/wp-content\/uploads\/2022\/01\/waste-wood-chips.jpg\" alt=\"d\u0103m g\u1ed7 th\u1ea3i\" class=\"wp-image-2102\"\/><figcaption class=\"wp-element-caption\">d\u0103m g\u1ed7 th\u1ea3i<\/figcaption><\/figure> <\/figure>    <h2 class=\"wp-block-heading\" id=\"large-wood-chipper-parameters\"><strong>Th\u00f4ng s\u1ed1 m\u00e1y b\u0103m g\u1ed7 l\u1edbn<\/strong><\/h2>    <figure class=\"wp-block-table is-style-stripes\"><table><tbody><tr><td>Ng\u01b0\u1eddi m\u1eabu<\/td><td>SL-DW218<\/td><td>SL-DW216<\/td><\/tr><tr><td>S\u1ed1 l\u01b0\u1ee3ng dao<\/td><td>2\/4<\/td><td>2\/4<\/td><\/tr><tr><td>K\u00edch th\u01b0\u1edbc cho \u0103n<\/td><td>300*680\u00a0mm<\/td><td>230*500mm<\/td><\/tr><tr><td>Dung t\u00edch<\/td><td>10-15t\/gi\u1edd<\/td><td>5-8t\/gi\u1edd<\/td><\/tr><tr><td>K\u00edch th\u01b0\u1edbc nguy\u00ean li\u1ec7u th\u00f4<\/td><td>300 mm<\/td><td>230 mm<\/td><\/tr><tr><td>K\u00edch th\u01b0\u1edbc d\u0103m g\u1ed7<\/td><td>25\u00a0mm(c\u00f3 th\u1ec3 \u0111i\u1ec1u ch\u1ec9nh)<\/td><td>25 mm (c\u00f3 th\u1ec3 \u0111i\u1ec1u ch\u1ec9nh)<\/td><\/tr><tr><td>Ngu\u1ed3n \u0111i\u1ec7n ch\u00ednh<\/td><td>110kw<\/td><td>55kw<\/td><\/tr><tr><td>C\u00e2n n\u1eb7ng<\/td><td>8600 kg<\/td><td>5600 kg<\/td><\/tr><tr><td>B\u0103ng t\u1ea3i \u0111\u1ea7u v\u00e0o cho \u0103n<\/td><td>6 m<\/td><td>6 m<\/td><\/tr><tr><td>B\u0103ng t\u1ea3i \u0111\u1ea7u ra<\/td><td>8 ph\u00fat<\/td><td>8 m\u00e9t<\/td><\/tr><tr><td>K\u00edch c\u1ee1<\/td><td>3105*2300*1650\u00a0mm<\/td><td>2735*2200*1200mm<\/td><\/tr><\/tbody><\/table><figcaption class=\"wp-element-caption\">Cu\u1ed9n dao c\u1ee7a c\u1ea3 hai m\u00e1y b\u0103m tr\u1ed1ng c\u00f3 th\u1ec3 ch\u1ee9a 2-4 con dao. Con l\u0103n dao 4 dao nghi\u1ec1n d\u0103m g\u1ed7 v\u1edbi k\u00edch th\u01b0\u1edbc m\u1ecbn h\u01a1n v\u00e0 \u0111\u1ec1u h\u01a1n.<\/figcaption><\/figure>    <h2 class=\"wp-block-heading\" id=\"difference-between-drum-chipper-and-disc-wood-chipper\"><strong>S\u1ef1 kh\u00e1c bi\u1ec7t gi\u1eefa m\u00e1y b\u0103m tr\u1ed1ng v\u00e0 m\u00e1y b\u0103m g\u1ed7 \u0111\u0129a<\/strong><\/h2>    <ol class=\"wp-block-list\"> <li>K\u00edch th\u01b0\u1edbc th\u1ee9c \u0103n c\u1ee7a m\u00e1y l\u00e0m d\u0103m g\u1ed7 l\u1edbn. V\u00e0 n\u00f3 c\u00f3 th\u1ec3 x\u1eed l\u00fd g\u1ed7 c\u00f3 \u0111\u01b0\u1eddng k\u00ednh l\u00ean t\u1edbi 35cm.<\/li>    <li>c\u00e1c <strong><a href=\"https:\/\/charcoalplant.com\/vi\/wood-wastes-recycling-machine\/log-chipper\/\">m\u00e1y b\u0103m g\u1ed7 d\u1ea1ng \u0111\u0129a<\/a><\/strong> x\u1eed l\u00fd c\u00f9ng m\u1ed9t l\u01b0\u1ee3ng nguy\u00ean li\u1ec7u th\u00f4 nh\u01b0 m\u00e1y b\u0103m tre l\u1edbn v\u00e0 m\u00e1y b\u0103m tr\u1ed1ng ti\u00eau th\u1ee5 \u00edt \u0111i\u1ec7n n\u0103ng h\u01a1n.<\/li>    <li>M\u00e1y b\u0103m g\u1ed7 th\u00f4ng th\u01b0\u1eddng c\u00f3 k\u00edch th\u01b0\u1edbc nh\u1ecf. M\u00e1y b\u0103m d\u1ea1ng tr\u1ed1ng kh\u1ed1i l\u01b0\u1ee3ng l\u1edbn c\u00f3 b\u0103ng t\u1ea3i th\u01b0\u1eddng c\u1ed3ng k\u1ec1nh v\u00e0 v\u1eadn chuy\u1ec3n t\u1ed1n k\u00e9m.<\/li> <\/ol>    <figure class=\"wp-block-gallery has-nested-images columns-default is-cropped wp-block-gallery-7 is-layout-flex wp-block-gallery-is-layout-flex\"> <figure class=\"wp-block-image size-large\"><img loading=\"lazy\" decoding=\"async\" width=\"720\" height=\"540\" data-id=\"2105\" src=\"https:\/\/charcoalplant.com\/wp-content\/uploads\/2022\/01\/bamboo-chipper-plant.jpg\" alt=\"c\u00e2y tre\" class=\"wp-image-2105\"\/><figcaption class=\"wp-element-caption\">c\u00e2y tre<\/figcaption><\/figure> <\/figure>    <h2 class=\"wp-block-heading\" id=\"h-faq-for-drum-chips-cutting-machine\"><strong>C\u00e2u h\u1ecfi th\u01b0\u1eddng g\u1eb7p<\/strong> <strong>cho m\u00e1y c\u1eaft chip tr\u1ed1ng<\/strong><\/h2>   <div id=\"rank-math-faq\" class=\"rank-math-block\"> <div class=\"rank-math-list\"> <div id=\"faq-question-1673252653718\" class=\"rank-math-list-item\"> <h3 class=\"rank-math-question\"><strong>B\u1ea1n s\u1ebd c\u1eed k\u1ef9 s\u01b0 \u0111\u1ebfn h\u01b0\u1edbng d\u1eabn c\u00e0i \u0111\u1eb7t ch\u1ee9?<\/strong><\/h3> <div class=\"rank-math-answer\">  <p>C\u00f3, t\u00f9y theo y\u00eau c\u1ea7u c\u1ee7a kh\u00e1ch h\u00e0ng, ch\u00fang t\u00f4i s\u1ebd c\u1eed k\u1ef9 s\u01b0 h\u01b0\u1edbng d\u1eabn l\u1eafp \u0111\u1eb7t v\u00e0 \u0111\u00e0o t\u1ea1o v\u1ec1 c\u00e1ch v\u1eadn h\u00e0nh m\u00e1y.<\/p>  <\/div> <\/div> <div id=\"faq-question-1673252663679\" class=\"rank-math-list-item\"> <h3 class=\"rank-math-question\"><strong>L\u00e0m th\u1ebf n\u00e0o \u0111\u1ec3 t\u00f4i bi\u1ebft ch\u1ea5t l\u01b0\u1ee3ng m\u00e1y c\u1ee7a b\u1ea1n?<\/strong><\/h3> <div class=\"rank-math-answer\">  <p>B\u1ea1n c\u00f3 th\u1ec3 g\u1eedi m\u1eabu ph\u1ebf li\u1ec7u cho ch\u00fang t\u00f4i v\u00e0 ch\u00fang t\u00f4i s\u1ebd ki\u1ec3m tra m\u00e1y cho b\u1ea1n m\u00e0 kh\u00f4ng t\u00ednh ph\u00ed. V\u00e0 ch\u00fang t\u00f4i c\u00f3 th\u1ec3 g\u1eedi video ki\u1ec3m tra m\u00e1y cho b\u1ea1n. Ch\u00fang t\u00f4i c\u0169ng n\u1ed3ng nhi\u1ec7t ch\u00e0o \u0111\u00f3n b\u1ea1n \u0111\u1ebfn th\u0103m nh\u00e0 m\u00e1y c\u1ee7a ch\u00fang t\u00f4i \u0111\u1ec3 \u0111\u00edch th\u00e2n ki\u1ec3m tra m\u00e1y c\u1ee7a ch\u00fang t\u00f4i.<\/p>  <\/div> <\/div> <div id=\"faq-question-1673252682871\" class=\"rank-math-list-item\"> <h3 class=\"rank-math-question\"><strong>Vi\u1ec7c l\u1eafp \u0111\u1eb7t m\u00e1y b\u0103m tr\u1ed1ng c\u00f3 c\u1ea7n n\u1ec1n m\u00f3ng kh\u00f4ng?<\/strong><\/h3> <div class=\"rank-math-answer\">  <p>Kh\u00f4ng, c\u00f3 thi\u1ebft b\u1ecb v\u1eadn chuy\u1ec3n v\u00e0 x\u1ea3 d\u01b0\u1edbi m\u00e1y.<\/p>  <\/div> <\/div> <\/div> <\/div>   <h2 class=\"wp-block-heading\" id=\"h-large-wood-chipper-manufacturer\"><strong>Nh\u00e0 s\u1ea3n xu\u1ea5t m\u00e1y b\u0103m g\u1ed7 l\u1edbn<\/strong><\/h2>    <figure class=\"wp-block-gallery has-nested-images columns-default is-cropped wp-block-gallery-8 is-layout-flex wp-block-gallery-is-layout-flex\"> <figure class=\"wp-block-image size-large\"><img loading=\"lazy\" decoding=\"async\" width=\"720\" height=\"540\" data-id=\"2103\" src=\"https:\/\/charcoalplant.com\/wp-content\/uploads\/2022\/01\/our-plant-.jpg\" alt=\"nh\u00e0 m\u00e1y c\u1ee7a ch\u00fang t\u00f4i\" class=\"wp-image-2103\"\/><figcaption class=\"wp-element-caption\">nh\u00e0 m\u00e1y c\u1ee7a ch\u00fang t\u00f4i<\/figcaption><\/figure>    <figure class=\"wp-block-image size-large\"><img loading=\"lazy\" decoding=\"async\" width=\"720\" height=\"540\" data-id=\"2104\" src=\"https:\/\/charcoalplant.com\/wp-content\/uploads\/2022\/01\/parts.jpg\" alt=\"c\u00e1c b\u1ed9 ph\u1eadn\" class=\"wp-image-2104\"\/><figcaption class=\"wp-element-caption\">c\u00e1c b\u1ed9 ph\u1eadn<\/figcaption><\/figure> <\/figure>    <p class=\"translation-block\">C\u00f4ng ty TNHH Thi\u1ebft b\u1ecb M\u00e1y m\u00f3c Shuliy \u0111\u00e3 tham gia v\u00e0o <strong><a href=\"https:\/\/charcoalplant.com\/vi\/industrial-comprehensive-crusher\/\">ng\u00e0nh t\u00e1i ch\u1ebf g\u1ed7<\/a><\/strong> trong nhi\u1ec1u n\u0103m. V\u00ec v\u1eady, ch\u00fang t\u00f4i \u0111\u00e3 h\u1ee3p t\u00e1c th\u00e0nh c\u00f4ng v\u1edbi nhi\u1ec1u qu\u1ed1c gia. \u0110i\u1ec1u n\u00e0y \u0111\u00e3 \u0111\u1eb7t n\u1ec1n t\u1ea3ng cho s\u1ef1 ph\u00e1t tri\u1ec3n t\u1ed1t \u0111\u1eb9p hi\u1ec7n t\u1ea1i c\u1ee7a c\u00f4ng ty ch\u00fang t\u00f4i. C\u00e1c b\u1ed9 ph\u1eadn thi\u1ebft b\u1ecb m\u00e0 ch\u00fang t\u00f4i l\u1ef1a ch\u1ecdn \u0111\u00e1p \u1ee9ng c\u00e1c ch\u1ec9 s\u1ed1 s\u1eed d\u1ee5ng qu\u1ed1c t\u1ebf, v\u00e0 m\u00e1y m\u00f3c th\u00ec tinh x\u1ea3o v\u00e0 b\u1ec1n b\u1ec9, \u0111\u00e3 nh\u1eadn \u0111\u01b0\u1ee3c s\u1ef1 khen ng\u1ee3i nh\u1ea5t tr\u00ed t\u1eeb kh\u00e1ch h\u00e0ng. Ch\u00e0o m\u1eebng b\u1ea1n \u0111\u1ebfn th\u0103m nh\u00e0 m\u00e1y c\u1ee7a ch\u00fang t\u00f4i. Li\u00ean h\u1ec7 v\u1edbi ch\u00fang t\u00f4i ngay b\u00e2y gi\u1edd \u0111\u1ec3 bi\u1ebft th\u00f4ng tin gi\u00e1 s\u1ea3n ph\u1ea9m.&nbsp;<\/p>","protected":false},"excerpt":{"rendered":"<p>M\u00e1y b\u0103m tr\u1ed1ng l\u00e0 lo\u1ea1i m\u00e1y b\u0103m g\u1ed7 c\u1ee1 l\u1edbn v\u00e0 cao c\u1ea5p, \u0111\u01b0\u1ee3c trang b\u1ecb thi\u1ebft b\u1ecb th\u1ee7y l\u1ef1c gi\u00fap x\u1eed l\u00fd nhanh c\u00e1c v\u1eadt li\u1ec7u c\u00f3 \u0111\u01b0\u1eddng k\u00ednh l\u1edbn.<\/p>","protected":false},"author":1,"featured_media":946,"parent":0,"template":"","tags":[64],"product-type":[3],"class_list":["post-786","product","type-product","status-publish","has-post-thumbnail","hentry","tag-wood-wastes-recycling-machine","product-type-wood-wastes-recycling-machine"],"_links":{"self":[{"href":"https:\/\/charcoalplant.com\/vi\/wp-json\/wp\/v2\/product\/786","targetHints":{"allow":["GET"]}}],"collection":[{"href":"https:\/\/charcoalplant.com\/vi\/wp-json\/wp\/v2\/product"}],"about":[{"href":"https:\/\/charcoalplant.com\/vi\/wp-json\/wp\/v2\/types\/product"}],"author":[{"embeddable":true,"href":"https:\/\/charcoalplant.com\/vi\/wp-json\/wp\/v2\/users\/1"}],"wp:featuredmedia":[{"embeddable":true,"href":"https:\/\/charcoalplant.com\/vi\/wp-json\/wp\/v2\/media\/946"}],"wp:attachment":[{"href":"https:\/\/charcoalplant.com\/vi\/wp-json\/wp\/v2\/media?parent=786"}],"wp:term":[{"taxonomy":"post_tag","embeddable":true,"href":"https:\/\/charcoalplant.com\/vi\/wp-json\/wp\/v2\/tags?post=786"},{"taxonomy":"product-type","embeddable":true,"href":"https:\/\/charcoalplant.com\/vi\/wp-json\/wp\/v2\/product-type?post=786"}],"curies":[{"name":"wp","href":"https:\/\/api.w.org\/{rel}","templated":true}]}}