{"id":958,"date":"2021-11-25T10:11:39","date_gmt":"2021-11-25T10:11:39","guid":{"rendered":"https:\/\/charcoalplant.com\/?p=958"},"modified":"2023-01-14T14:25:49","modified_gmt":"2023-01-14T06:25:49","slug":"rice-husk-dryer","status":"publish","type":"product","link":"https:\/\/charcoalplant.com\/vi\/product\/rice-husk-dryer\/","title":{"rendered":"M\u00e1y s\u1ea5y tr\u1ea5u | M\u00e1y s\u1ea5y sinh kh\u1ed1i"},"content":{"rendered":"<div class=\"kk-star-ratings kksr-auto kksr-align-left kksr-valign-top\"     data-payload='{&quot;align&quot;:&quot;left&quot;,&quot;id&quot;:&quot;958&quot;,&quot;slug&quot;:&quot;default&quot;,&quot;valign&quot;:&quot;top&quot;,&quot;ignore&quot;:&quot;&quot;,&quot;reference&quot;:&quot;auto&quot;,&quot;class&quot;:&quot;&quot;,&quot;count&quot;:&quot;23&quot;,&quot;legendonly&quot;:&quot;&quot;,&quot;readonly&quot;:&quot;&quot;,&quot;score&quot;:&quot;4.6&quot;,&quot;starsonly&quot;:&quot;&quot;,&quot;best&quot;:&quot;5&quot;,&quot;gap&quot;:&quot;5&quot;,&quot;greet&quot;:&quot;Rate this product&quot;,&quot;legend&quot;:&quot;4.6\\\/5 - (23 b\u00ecnh ch\u1ecdn)&quot;,&quot;size&quot;:&quot;24&quot;,&quot;title&quot;:&quot;Rice Husk Dryer | Biomass Drying Machine&quot;,&quot;width&quot;:&quot;130.9&quot;,&quot;_legend&quot;:&quot;{score}\\\/{best} - ({count} {votes})&quot;,&quot;font_factor&quot;:&quot;1.25&quot;}'>              <div class=\"kksr-stars\">      <div class=\"kksr-stars-inactive\">             <div class=\"kksr-star\" data-star=\"1\" style=\"padding-right: 5px\">               <div class=\"kksr-icon\" style=\"width: 24px; height: 24px;\"><\/div>         <\/div>             <div class=\"kksr-star\" data-star=\"2\" style=\"padding-right: 5px\">               <div class=\"kksr-icon\" style=\"width: 24px; height: 24px;\"><\/div>         <\/div>             <div class=\"kksr-star\" data-star=\"3\" style=\"padding-right: 5px\">               <div class=\"kksr-icon\" style=\"width: 24px; height: 24px;\"><\/div>         <\/div>             <div class=\"kksr-star\" data-star=\"4\" style=\"padding-right: 5px\">               <div class=\"kksr-icon\" style=\"width: 24px; height: 24px;\"><\/div>         <\/div>             <div class=\"kksr-star\" data-star=\"5\" style=\"padding-right: 5px\">               <div class=\"kksr-icon\" style=\"width: 24px; height: 24px;\"><\/div>         <\/div>     <\/div>      <div class=\"kksr-stars-active\" style=\"width: 130.9px;\">             <div class=\"kksr-star\" style=\"padding-right: 5px\">               <div class=\"kksr-icon\" style=\"width: 24px; height: 24px;\"><\/div>         <\/div>             <div class=\"kksr-star\" style=\"padding-right: 5px\">               <div class=\"kksr-icon\" style=\"width: 24px; height: 24px;\"><\/div>         <\/div>             <div class=\"kksr-star\" style=\"padding-right: 5px\">               <div class=\"kksr-icon\" style=\"width: 24px; height: 24px;\"><\/div>         <\/div>             <div class=\"kksr-star\" style=\"padding-right: 5px\">               <div class=\"kksr-icon\" style=\"width: 24px; height: 24px;\"><\/div>         <\/div>             <div class=\"kksr-star\" style=\"padding-right: 5px\">               <div class=\"kksr-icon\" style=\"width: 24px; height: 24px;\"><\/div>         <\/div>     <\/div> <\/div>                   <div class=\"kksr-legend\" style=\"font-size: 19.2px;\">             4.6\/5 - (23 \u0111\u00e1nh gi\u00e1)    <\/div>     <\/div>  <p class=\"translation-block\"><strong>Rice husk dryer<\/strong> is quan tr\u1ecdng thi\u1ebft b\u1ecb s\u1ea5y trong d\u00e2y chuy\u1ec1n s\u1ea3n xu\u1ea5t than ho\u1ea1t t\u00ednh. N\u00f3 c\u00f3 th\u1ec3 s\u1ea5y m\u00f9n c\u01b0a \u01b0\u1edbt, x\u01a1 c\u00e2y \u01b0\u1edbt, tre \u01b0\u1edbt, v\u00e0 c\u00e1c nguy\u00ean li\u1ec7u kh\u00e1c. V\u00ec v\u1eady, n\u00f3 c\u00f3 th\u1ec3 \u0111\u01b0\u1ee3c s\u1eed d\u1ee5ng trong luy\u1ec7n kim, v\u1eadt li\u1ec7u x\u00e2y d\u1ef1ng, h\u00f3a ch\u1ea5t, r\u1eeda than, ph\u00e2n b\u00f3n, qu\u1eb7ng, c\u00e1t, v\u00e0 c\u00e1c l\u0129nh v\u1ef1c kh\u00e1c. Ch\u00fang t\u00f4i s\u1ea3n xu\u1ea5t m\u00e1y s\u1ea5y tr\u1ed1ng quay v\u00e0 s\u1ea5y kh\u00f4ng kh\u00ed. Ch\u00fang c\u00f3 \u0111\u1eb7c tr\u01b0ng ti\u1ebft ki\u1ec7m n\u0103ng l\u01b0\u1ee3ng, hi\u1ec7u qu\u1ea3 s\u1ea5y t\u1ed1t, v\u00e0 v\u1eadn h\u00e0nh \u0111\u01a1n gi\u1ea3n. B\u1ea1n c\u00f3 th\u1ec3 g\u1ecdi \u0111i\u1ec7n ho\u1eb7c g\u1eedi email cho ch\u00fang t\u00f4i, v\u00e0 ch\u00fang t\u00f4i s\u1ebd \u0111\u01b0a cho b\u1ea1n m\u1ed9t gi\u00e1 c\u1ea1nh tranh.<\/p>    <h2 class=\"wp-block-heading\" id=\"h-what-are-the-types-of-rice-husk-dryers\">C\u00f3 nh\u1eefng lo\u1ea1i m\u00e1y s\u1ea5y tr\u1ea5u n\u00e0o?<\/h2>    <p class=\"translation-block\">C\u00e1c m\u00e1y s\u1ea5y c\u00f4ng nghi\u1ec7p \u0111\u01b0\u1ee3c chia th\u00e0nh m\u00e1y s\u1ea5y quay ngang v\u00e0 m\u00e1y s\u1ea5y kh\u00f4ng kh\u00ed d\u1ecdc. Tr\u00ean th\u1ef1c t\u1ebf, c\u1ea3 hai lo\u1ea1i m\u00e1y s\u1ea5y \u0111\u1ec1u c\u00f3 th\u1ec3 s\u1ea5y <strong><a href=\"https:\/\/charcoalplant.com\/vi\/wood-wastes-recycling-machine\/waste-wooden-pallet-grinder\/\">m\u00f9n c\u01b0a<\/a><\/strong>, m\u00f9n g\u1ed7, c\u00e1t, ph\u00e2n b\u00f3n, \u0111\u00e1, v\u00e0 nhi\u1ec1u th\u1ee9 kh\u00e1c. V\u00e0 hi\u1ec7u qu\u1ea3 s\u1ea5y c\u0169ng t\u1ed1t. V\u1eady s\u1ef1 kh\u00e1c bi\u1ec7t gi\u1eefa ch\u00fang l\u00e0 g\u00ec? L\u00e0m th\u1ebf n\u00e0o \u0111\u1ec3 b\u1ea1n ch\u1ecdn m\u1ed9t m\u00e1y s\u1ea5y? Ch\u00fang ta c\u00f3 th\u1ec3 th\u1ea3o lu\u1eadn nh\u1eefng v\u1ea5n \u0111\u1ec1 n\u00e0y \u1edf ph\u1ea7n ti\u1ebfp theo.<\/p>    <h2 class=\"wp-block-heading\"><strong>Lo\u1ea1i 1<\/strong>: m\u00e1y s\u1ea5y quay ngang<\/h2>    <p>M\u00e1y s\u1ea5y tr\u1ea5u quay c\u00f3 th\u1ec3 l\u00e0m kh\u00f4 qu\u1eb7ng, \u0111\u1ea5t s\u00e9t, c\u00e1t, b\u1ed9t v\u00e0 c\u00e1c v\u1eadt li\u1ec7u kh\u00e1c. \u0110i\u1ec1u quan tr\u1ecdng l\u00e0 hi\u1ec7u qu\u1ea3 l\u00e0m kh\u00f4 c\u1ee7a n\u00f3 c\u00f3 th\u1ec3 \u0111\u1ea1t t\u1edbi h\u01a1n 95%. M\u00e1y s\u1ea5y quay \u0111\u01b0\u1ee3c kh\u00e1ch h\u00e0ng c\u1ee7a ch\u00fang t\u00f4i \u0111\u1eb7t mua nhi\u1ec1u nh\u1ea5t. N\u00f3i c\u00e1ch kh\u00e1c, \u0111\u00e2y l\u00e0 thi\u1ebft b\u1ecb s\u1ea5y t\u1ed1t nh\u1ea5t \u0111\u01b0\u1ee3c b\u00e1n.<\/p>    <figure class=\"wp-block-image aligncenter size-full\"><img loading=\"lazy\" decoding=\"async\" width=\"720\" height=\"540\" src=\"https:\/\/charcoalplant.com\/wp-content\/uploads\/2021\/11\/Rice-husk-dryer-1.jpg\" alt=\"M\u00e1y s\u1ea5y tr\u1ea5u\" class=\"wp-image-960\" srcset=\"https:\/\/charcoalplant.com\/wp-content\/uploads\/2021\/11\/Rice-husk-dryer-1.jpg 720w, https:\/\/charcoalplant.com\/wp-content\/uploads\/2021\/11\/Rice-husk-dryer-1-300x225.jpg 300w\" sizes=\"auto, (max-width: 720px) 100vw, 720px\" \/><figcaption class=\"wp-element-caption\">M\u00e1y s\u1ea5y tr\u1ea5u<\/figcaption><\/figure>    <h2 class=\"wp-block-heading\">C\u1ea5u t\u1ea1o m\u00e1y s\u1ea5y m\u00f9n c\u01b0a<\/h2>    <p class=\"translation-block\">C\u1ea5u tr\u00fac \u0111\u1eb7c tr\u01b0ng ch\u00ednh c\u1ee7a n\u00f3 l\u00e0 m\u1ed9t tr\u1ee5c n\u1eb1m ngang. Tr\u1ed1ng c\u00f3 \u0111\u01b0\u1eddng k\u00ednh kh\u00e1c nhau \u0111\u1ec3 t\u1ea1o ra \u0111\u1ea7u ra kh\u00e1c nhau. Trong tr\u1ed1ng c\u00f3 nhi\u1ec1u t\u1ea5m n\u00e2ng. Khi tr\u1ed1ng quay, nguy\u00ean li\u1ec7u th\u00f4 c\u00f3 th\u1ec3 \u0111\u01b0\u1ee3c chuy\u1ec3n \u0111\u1ec1u. Th\u1ee9 hai, \u0111\u1ed9ng c\u01a1 c\u00f3 b\u00e1nh r\u0103ng v\u00e0 h\u1ed9p s\u1ed1 b\u00ean ngo\u00e0i th\u00f9ng. Vi\u1ec7c quay c\u1ee7a tr\u1ed1ng d\u1ef1a v\u00e0o b\u00e1nh r\u0103ng, v\u00e0 vi\u1ec7c \u0111i\u1ec1u t\u1ed1c d\u1ef1a v\u00e0o <strong><a href=\"https:\/\/charcoalplant.com\/vi\/industrial-comprehensive-crusher\/\">\u0111\u1ed9ng c\u01a1 c\u00f3 h\u1ed9p s\u1ed1.<\/a><\/strong><\/p>    <figure class=\"wp-block-image aligncenter size-full\"><img loading=\"lazy\" decoding=\"async\" width=\"696\" height=\"409\" src=\"https:\/\/charcoalplant.com\/wp-content\/uploads\/2022\/03\/sawdust-drying-machine.jpg\" alt=\"m\u00e1y s\u1ea5y m\u00f9n c\u01b0a\" class=\"wp-image-2597\"\/><figcaption class=\"wp-element-caption\">m\u00e1y s\u1ea5y m\u00f9n c\u01b0a<\/figcaption><\/figure>    <div class=\"wp-block-columns has-background is-layout-flex wp-container-core-columns-is-layout-28f84493 wp-block-columns-is-layout-flex\" style=\"background-color:#f1f1f1\"> <div class=\"wp-block-column is-layout-flow wp-block-column-is-layout-flow\" style=\"flex-basis:66.66%\"> <figure class=\"wp-block-gallery has-nested-images columns-default is-cropped wp-block-gallery-2 is-layout-flex wp-block-gallery-is-layout-flex\"> <figure class=\"wp-block-image size-large\"><img loading=\"lazy\" decoding=\"async\" width=\"720\" height=\"540\" data-id=\"968\" src=\"https:\/\/charcoalplant.com\/wp-content\/uploads\/2021\/11\/Roller-1.jpg\" alt=\"Con l\u0103n\" class=\"wp-image-968\" srcset=\"https:\/\/charcoalplant.com\/wp-content\/uploads\/2021\/11\/Roller-1.jpg 720w, https:\/\/charcoalplant.com\/wp-content\/uploads\/2021\/11\/Roller-1-300x225.jpg 300w\" sizes=\"auto, (max-width: 720px) 100vw, 720px\" \/><figcaption class=\"wp-element-caption\">Con l\u0103n<\/figcaption><\/figure> <\/figure> <\/div>    <div class=\"wp-block-column is-vertically-aligned-center is-layout-flow wp-block-column-is-layout-flow\" style=\"flex-basis:33.33%\"> <p class=\"translation-block\"><strong>\u1ed4n \u0111\u1ecbnh ch\u00ednh<\/strong><\/p>    <p>C\u1ea5u tr\u00fac \u0111\u1eb7c tr\u01b0ng ch\u00ednh c\u1ee7a n\u00f3 l\u00e0 m\u1ed9t con l\u0103n n\u1eb1m ngang. C\u00e1c tr\u1ed1ng c\u00f3 \u0111\u01b0\u1eddng k\u00ednh kh\u00e1c nhau \u0111\u1ec3 \u0111\u1ea1t \u0111\u01b0\u1ee3c c\u00f4ng su\u1ea5t \u0111\u1ea7u ra kh\u00e1c nhau. C\u00f3 nhi\u1ec1u t\u1ea5m n\u00e2ng b\u00ean trong tr\u1ed1ng.<\/p> <\/div> <\/div>    <div class=\"wp-block-columns has-background is-layout-flex wp-container-core-columns-is-layout-28f84493 wp-block-columns-is-layout-flex\" style=\"background-color:#f1f1f1\"> <div class=\"wp-block-column is-vertically-aligned-center is-layout-flow wp-block-column-is-layout-flow\" style=\"flex-basis:33.33%\"> <p class=\"translation-block\"><strong>H\u1ed9p \u0111i\u1ec1u khi\u1ec3n \u0111i\u1ec7n<\/strong><\/p>    <p>T\u1ee7 ph\u00e2n ph\u1ed1i \u0111i\u1ec7n c\u00f3 th\u1ec3 d\u1ec5 d\u00e0ng ki\u1ec3m so\u00e1t nhi\u1ec7t \u0111\u1ed9 v\u00e0 t\u1ed1c \u0111\u1ed9 c\u1ee7a b\u1ed9 gi\u1ea3m t\u1ed1c. V\u00ec v\u1eady, n\u00f3 c\u0169ng \u0111\u00f3ng m\u1ed9t vai tr\u00f2 b\u1ea3o m\u1eadt.<\/p> <\/div>    <div class=\"wp-block-column is-layout-flow wp-block-column-is-layout-flow\" style=\"flex-basis:66.66%\"> <figure class=\"wp-block-gallery has-nested-images columns-default is-cropped wp-block-gallery-3 is-layout-flex wp-block-gallery-is-layout-flex\"> <figure class=\"wp-block-image size-large\"><img loading=\"lazy\" decoding=\"async\" width=\"720\" height=\"540\" data-id=\"2604\" src=\"https:\/\/charcoalplant.com\/wp-content\/uploads\/2022\/03\/electric-box.jpg\" alt=\"\" class=\"wp-image-2604\"\/><\/figure> <\/figure> <\/div> <\/div>    <h2 class=\"wp-block-heading\">Th\u00f4ng s\u1ed1 c\u1ee7a m\u00e1y s\u1ea5y m\u00f9n c\u01b0a<\/h2>    <figure class=\"wp-block-table is-style-stripes\"><table><tbody><tr><td>Ng\u01b0\u1eddi m\u1eabu<\/td><td>Dung t\u00edch<\/td><td>Quy\u1ec1n l\u1ef1c<\/td><td>\u0110\u01b0\u1eddng k\u00ednh quay<\/td><\/tr><tr><td>SL-RD800<\/td><td>400-600kg\/gi\u1edd<\/td><td>4kw<\/td><td>\u0110\u01b0\u1eddng k\u00ednh 0,8m, d\u00e0i 8m<\/td><\/tr><tr><td>SL-RD1000<\/td><td>800-1000kg\/gi\u1edd<\/td><td>5,5 + 5,5kw<\/td><td>\u0110\u01b0\u1eddng k\u00ednh 1m, d\u00e0i 10m<\/td><\/tr><tr><td>SL-RD1200<\/td><td>1000-1200kg\/gi\u1edd<\/td><td>7,5 + 7,5kw<\/td><td>\u0110\u01b0\u1eddng k\u00ednh 1,2m, d\u00e0i 12m<\/td><\/tr><tr><td>SL-RD1500<\/td><td>1500-2000kg\/gi\u1edd<\/td><td>15+15kw<\/td><td>\u0110\u01b0\u1eddng k\u00ednh 1,5m, d\u00e0i 12m<\/td><\/tr><\/tbody><\/table><\/figure>    <h2 class=\"wp-block-heading\">Video m\u00e1y s\u1ea5y m\u00f9n c\u01b0a c\u00f4ng nghi\u1ec7p<\/h2>    <figure class=\"wp-block-embed is-type-video is-provider-youtube wp-block-embed-youtube wp-embed-aspect-16-9 wp-has-aspect-ratio\"><div class=\"wp-block-embed__wrapper\"> <iframe loading=\"lazy\" title=\"M\u00e1y S\u1ea5y M\u00f9n C\u01b0a Tuy\u1ec7t V\u1eddi | D\u00e2y chuy\u1ec1n s\u1ea3n xu\u1ea5t m\u00e1y s\u1ea5y SL-800 \u0111\u01b0\u1ee3c l\u1eafp \u0111\u1eb7t t\u1ea1i Indonesia#sawdustdrying\" width=\"500\" height=\"281\" src=\"https:\/\/www.youtube.com\/embed\/qOxIQAGlh44?feature=oembed\" frameborder=\"0\" allow=\"accelerometer; autoplay; clipboard-write; encrypted-media; gyroscope; picture-in-picture; web-share\" referrerpolicy=\"strict-origin-when-cross-origin\" allowfullscreen><\/iframe> <\/div><\/figure>    <h2 class=\"wp-block-heading\"><strong>Lo\u1ea1i 2<\/strong>: m\u00e1y s\u1ea5y lu\u1ed3ng kh\u00f4ng kh\u00ed d\u1ecdc<\/h2>    <p>M\u00e1y s\u1ea5y lu\u1ed3ng kh\u00ed th\u00edch h\u1ee3p h\u01a1n \u0111\u1ec3 s\u1ea5y c\u00e1c v\u1eadt li\u1ec7u nh\u1eb9, ch\u1eb3ng h\u1ea1n nh\u01b0 tr\u1ea5u, b\u1ed9t, m\u00f9n c\u01b0a, d\u0103m g\u1ed7, v.v. Kh\u1ea3 n\u0103ng h\u00fat \u1ea9m c\u1ee7a n\u00f3 c\u0169ng r\u1ea5t t\u1ed1t. Nh\u01b0ng c\u1ea7n t\u00ednh to\u00e1n chi\u1ec1u cao c\u1ee7a c\u00e2y n\u00ean s\u1ea3n l\u01b0\u1ee3ng b\u1ecb h\u1ea1n ch\u1ebf.<\/p>    <figure class=\"wp-block-image aligncenter size-full\"><img loading=\"lazy\" decoding=\"async\" width=\"720\" height=\"540\" src=\"https:\/\/charcoalplant.com\/wp-content\/uploads\/2022\/03\/rice-husk-dryer-machine.jpg\" alt=\"\" class=\"wp-image-2600\"\/><\/figure>    <h2 class=\"wp-block-heading\">C\u1ea5u t\u1ea1o c\u1ee7a m\u00e1y s\u1ea5y lu\u1ed3ng kh\u00f4ng kh\u00ed<\/h2>    <p>C\u1ea5u t\u1ea1o c\u1ee7a m\u00e1y s\u1ea5y tr\u1ea5u ch\u1ee7 y\u1ebfu bao g\u1ed3m l\u00f2 ngu\u1ed3n nhi\u1ec7t, qu\u1ea1t h\u00fat c\u1ea3m \u1ee9ng, bu\u1ed3ng s\u1ea5y, c\u1eeda v\u00e0o, c\u1eeda x\u1ea3, v.v.<\/p>    <figure class=\"wp-block-image aligncenter size-full is-resized\"><img loading=\"lazy\" decoding=\"async\" src=\"https:\/\/charcoalplant.com\/wp-content\/uploads\/2022\/03\/rice-husk-dryer-show.png\" alt=\"tr\u1ea5u-s\u1ea5y-show\" class=\"wp-image-2599\" width=\"697\" height=\"336\"\/><figcaption class=\"wp-element-caption\">tr\u1ea5u-s\u1ea5y-show<\/figcaption><\/figure>    <div class=\"wp-block-columns has-background is-layout-flex wp-container-core-columns-is-layout-28f84493 wp-block-columns-is-layout-flex\" style=\"background-color:#f1f1f1\"> <div class=\"wp-block-column is-layout-flow wp-block-column-is-layout-flow\" style=\"flex-basis:66.66%\"> <figure class=\"wp-block-gallery has-nested-images columns-default is-cropped wp-block-gallery-4 is-layout-flex wp-block-gallery-is-layout-flex\"> <figure class=\"wp-block-image size-large\"><img loading=\"lazy\" decoding=\"async\" width=\"720\" height=\"540\" data-id=\"967\" src=\"https:\/\/charcoalplant.com\/wp-content\/uploads\/2021\/11\/Heat-source-furnace-for-airflow-dryer-1.jpg\" alt=\"M\u00e1y s\u1ea5y ngu\u1ed3n nhi\u1ec7t cho lu\u1ed3ng kh\u00f4ng kh\u00ed\" class=\"wp-image-967\" srcset=\"https:\/\/charcoalplant.com\/wp-content\/uploads\/2021\/11\/Heat-source-furnace-for-airflow-dryer-1.jpg 720w, https:\/\/charcoalplant.com\/wp-content\/uploads\/2021\/11\/Heat-source-furnace-for-airflow-dryer-1-300x225.jpg 300w\" sizes=\"auto, (max-width: 720px) 100vw, 720px\" \/><figcaption class=\"wp-element-caption\">M\u00e1y s\u1ea5y ngu\u1ed3n nhi\u1ec7t cho lu\u1ed3ng kh\u00f4ng kh\u00ed<\/figcaption><\/figure> <\/figure> <\/div>    <div class=\"wp-block-column is-vertically-aligned-center is-layout-flow wp-block-column-is-layout-flow\" style=\"flex-basis:33.33%\"> <p class=\"translation-block\"><strong>L\u00f2 \u0111\u1ed1t<\/strong><\/p>    <p>N\u00f3 cung c\u1ea5p ngu\u1ed3n nhi\u1ec7t khi \u0111\u1ed1t l\u00f2. H\u01a1n n\u1eefa, nguy\u00ean li\u1ec7u th\u00f4 c\u1ee7a n\u00f3 l\u00e0 kh\u00f4ng c\u1ea7n thi\u1ebft.<\/p> <\/div> <\/div>    <div class=\"wp-block-columns has-background is-layout-flex wp-container-core-columns-is-layout-28f84493 wp-block-columns-is-layout-flex\" style=\"background-color:#f1f1f1\"> <div class=\"wp-block-column is-vertically-aligned-center is-layout-flow wp-block-column-is-layout-flow\" style=\"flex-basis:33.33%\"> <p class=\"translation-block\"><strong>\u1ed0ng<\/strong><\/p>    <p>C\u1ea5u t\u1ea1o v\u00e0 h\u00ecnh th\u1ee9c bu\u1ed3ng s\u1ea5y c\u1ee7a hai m\u00e1y s\u1ea5y tr\u1ea5u kh\u00e1c nhau. N\u00f3 s\u1eed d\u1ee5ng m\u1ed9t silo th\u1eb3ng \u0111\u1ee9ng. Do \u0111\u00f3, n\u00f3 chi\u1ebfm m\u1ed9t kh\u00f4ng gian ngang nh\u1ecf h\u01a1n. Nh\u01b0ng c\u1ea7n t\u00ednh to\u00e1n chi\u1ec1u cao c\u1ee7a c\u00e2y n\u00ean s\u1ea3n l\u01b0\u1ee3ng b\u1ecb h\u1ea1n ch\u1ebf.<\/p> <\/div>    <div class=\"wp-block-column is-layout-flow wp-block-column-is-layout-flow\" style=\"flex-basis:66.66%\"> <figure class=\"wp-block-gallery has-nested-images columns-default is-cropped wp-block-gallery-5 is-layout-flex wp-block-gallery-is-layout-flex\"> <figure class=\"wp-block-image size-large\"><img loading=\"lazy\" decoding=\"async\" width=\"720\" height=\"540\" data-id=\"2605\" src=\"https:\/\/charcoalplant.com\/wp-content\/uploads\/2022\/03\/airflow-dryer-for-sale.jpg\" alt=\"\" class=\"wp-image-2605\"\/><\/figure> <\/figure> <\/div> <\/div>    <h2 class=\"wp-block-heading\">Th\u00f4ng s\u1ed1 c\u1ee7a m\u00e1y s\u1ea5y lu\u1ed3ng kh\u00f4ng kh\u00ed<\/h2>    <figure class=\"wp-block-table is-style-stripes\"><table><tbody><tr><td>Ki\u1ec3u<\/td><td>Dung t\u00edch<\/td><td>Quy\u1ec1n l\u1ef1c<\/td><\/tr><tr><td>SL-AD320<\/td><td>500-600kg\/gi\u1edd<\/td><td>7,5kw<\/td><\/tr><tr><td>SL-AD219<\/td><td>300-400kg\/gi\u1edd<\/td><td>5,5kw<\/td><\/tr><\/tbody><\/table><\/figure>    <h2 class=\"wp-block-heading\" id=\"h-related-accessories-of-rice-husk-drying-machine\">C\u00e1c ph\u1ee5 ki\u1ec7n li\u00ean quan c\u1ee7a m\u00e1y s\u1ea5y tr\u1ea5u<\/h2>    <p>C\u1ea3 hai lo\u1ea1i m\u00e1y s\u1ea5y m\u00f9n c\u01b0a \u0111\u1ec1u d\u1ef1a v\u00e0o l\u00f2 nung ngu\u1ed3n nhi\u1ec7t \u0111\u1ec3 cung c\u1ea5p ngu\u1ed3n nhi\u1ec7t sau \u0111\u00f3 tr\u1ed9n nguy\u00ean li\u1ec7u v\u1edbi kh\u00f4ng kh\u00ed n\u00f3ng th\u00f4ng qua qu\u1ea1t gi\u00f3 c\u1ea3m \u1ee9ng. Nhi\u1ec7t \u0111\u1ed9 s\u1ea3n ph\u1ea9m cu\u1ed1i c\u00f9ng l\u00e0 kho\u1ea3ng 50 \u0111\u1ed9.<\/p>    <p>V\u00ec v\u1eady, \u0111\u1ec3 \u0111\u1ea3m b\u1ea3o an to\u00e0n cho ng\u01b0\u1eddi v\u1eadn h\u00e0nh, ch\u00fang t\u00f4i th\u01b0\u1eddng khuy\u1ebfn ngh\u1ecb kh\u00e1ch h\u00e0ng l\u1eafp \u0111\u1eb7t c\u00e1c thi\u1ebft b\u1ecb l\u00e0m m\u00e1t v\u00e0 lo\u1ea1i b\u1ecf b\u1ee5i. M\u1ed9t m\u1eb7t, l\u00e0m m\u00e1t b\u1eb1ng kh\u00f4ng kh\u00ed c\u00f3 th\u1ec3 l\u00e0m m\u00e1t m\u00f9n c\u01b0a \u1edf nhi\u1ec7t \u0111\u1ed9 cao \u0111\u1ebfn 20 \u0111\u1ed9. M\u1eb7t kh\u00e1c, thi\u1ebft b\u1ecb lo\u1ea1i b\u1ecf b\u1ee5i c\u00f3 th\u1ec3 thu gom b\u1ee5i \u0111\u1ec3 \u0111\u1ea3m b\u1ea3o \u0111\u1ed9 tinh khi\u1ebft c\u1ee7a s\u1ea3n ph\u1ea9m v\u00e0 v\u1ec7 sinh nh\u00e0 x\u01b0\u1edfng.<\/p>    <figure class=\"wp-block-image aligncenter size-full\"><img loading=\"lazy\" decoding=\"async\" width=\"720\" height=\"540\" src=\"https:\/\/charcoalplant.com\/wp-content\/uploads\/2022\/03\/dust-romovel-machine.jpg\" alt=\"\" class=\"wp-image-2606\"\/><\/figure>    <h2 class=\"wp-block-heading\" id=\"h-rice-husk-dryer-for-sale\">C\u1ea7n b\u00e1n m\u00e1y s\u1ea5y tr\u1ea5u<\/h2>    <p class=\"translation-block\">Ch\u00fang t\u00f4i b\u00e1n hai lo\u1ea1i m\u00e1y s\u1ea5y v\u1ecf r\u01a1m: m\u00e1y s\u1ea5y l\u1eafc (tumble dryers) v\u00e0 m\u00e1y s\u1ea5y kh\u00f4ng kh\u00ed. V\u00e0 b\u1ea1n c\u00f3 th\u1ec3 \u0111\u1eb7t sau m\u00e1y m\u1ed9t <strong><a href=\"https:\/\/charcoalplant.com\/vi\/biomass-briquette-machine\/sawdust-briquette-machine\/\">m\u00e1y li\u00ean k\u1ebft sinh kh\u1ed1i th\u00e0nh vi\u00ean<\/a><\/strong> \u0111\u1eb1ng sau m\u00e1y. Ch\u00fang t\u00f4i s\u1ea3n xu\u1ea5t \u0111\u01b0\u1eddng k\u00ednh tr\u1ee5c 800mm, 1000mm v\u00e0 1200mm. N\u1ebfu b\u1ea1n c\u1ea7n \u0111\u01b0\u1eddng k\u00ednh tr\u1ee5c l\u1edbn h\u01a1n, ch\u00fang t\u00f4i c\u00f3 th\u1ec3 t\u00f9y ch\u1ec9nh cho b\u1ea1n. Chi\u1ec1u d\u00e0i c\u1ee7a th\u00f9ng c\u0169ng linh ho\u1ea1t. Th\u00f4ng s\u1ed1 silo c\u1ee7a m\u00e1y s\u1ea5y kh\u00f4ng kh\u00ed c\u0169ng \u0111a d\u1ea1ng. Li\u00ean h\u1ec7 v\u1edbi ch\u00fang t\u00f4i c\u00e0ng s\u1edbm c\u00e0ng t\u1ed1t, ch\u00fang t\u00f4i s\u1ebd cung c\u1ea5p cho b\u1ea1n c\u00e1c tham s\u1ed1 chi ti\u1ebft c\u1ee7a m\u00e1y l\u00e0m vi\u00ean m\u00f9n c\u01b0a.<\/p>    <figure class=\"wp-block-gallery has-nested-images columns-2 is-cropped wp-block-gallery-6 is-layout-flex wp-block-gallery-is-layout-flex\"> <figure class=\"wp-block-image size-large\"><img loading=\"lazy\" decoding=\"async\" width=\"720\" height=\"540\" data-id=\"972\" src=\"https:\/\/charcoalplant.com\/wp-content\/uploads\/2021\/11\/Shipment-of-rice-husk-dryer-1.jpg\" alt=\"L\u00f4 h\u00e0ng m\u00e1y s\u1ea5y tr\u1ea5u\" class=\"wp-image-972\" srcset=\"https:\/\/charcoalplant.com\/wp-content\/uploads\/2021\/11\/Shipment-of-rice-husk-dryer-1.jpg 720w, https:\/\/charcoalplant.com\/wp-content\/uploads\/2021\/11\/Shipment-of-rice-husk-dryer-1-300x225.jpg 300w\" sizes=\"auto, (max-width: 720px) 100vw, 720px\" \/><figcaption class=\"wp-element-caption\">L\u00f4 h\u00e0ng m\u00e1y s\u1ea5y tr\u1ea5u<\/figcaption><\/figure>    <figure class=\"wp-block-image size-full\"><img loading=\"lazy\" decoding=\"async\" width=\"720\" height=\"540\" data-id=\"2607\" src=\"https:\/\/charcoalplant.com\/wp-content\/uploads\/2022\/03\/rice-husk-dryer-shipping.jpg\" alt=\"v\u1eadn chuy\u1ec3n m\u00e1y s\u1ea5y tr\u1ea5u\" class=\"wp-image-2607\"\/><figcaption class=\"wp-element-caption\">v\u1eadn chuy\u1ec3n m\u00e1y s\u1ea5y tr\u1ea5u<\/figcaption><\/figure> <\/figure>","protected":false},"excerpt":{"rendered":"<p>M\u00e1y s\u1ea5y tr\u1ea5u c\u00f3 th\u1ec3 s\u1ea5y m\u00f9n c\u01b0a \u01b0\u1edbt, b\u00e3 m\u00eda \u01b0\u1edbt, c\u00e1t \u01b0\u1edbt,\u2026 C\u00f3 th\u1ec3 l\u00e0m gi\u1ea3m \u0111\u1ed9 \u1ea9m xu\u1ed1ng kho\u1ea3ng 8%.<\/p>","protected":false},"author":1,"featured_media":960,"parent":0,"template":"","tags":[60],"product-type":[45],"class_list":["post-958","product","type-product","status-publish","has-post-thumbnail","hentry","tag-drying-machine","product-type-drying-machine"],"_links":{"self":[{"href":"https:\/\/charcoalplant.com\/vi\/wp-json\/wp\/v2\/product\/958","targetHints":{"allow":["GET"]}}],"collection":[{"href":"https:\/\/charcoalplant.com\/vi\/wp-json\/wp\/v2\/product"}],"about":[{"href":"https:\/\/charcoalplant.com\/vi\/wp-json\/wp\/v2\/types\/product"}],"author":[{"embeddable":true,"href":"https:\/\/charcoalplant.com\/vi\/wp-json\/wp\/v2\/users\/1"}],"wp:featuredmedia":[{"embeddable":true,"href":"https:\/\/charcoalplant.com\/vi\/wp-json\/wp\/v2\/media\/960"}],"wp:attachment":[{"href":"https:\/\/charcoalplant.com\/vi\/wp-json\/wp\/v2\/media?parent=958"}],"wp:term":[{"taxonomy":"post_tag","embeddable":true,"href":"https:\/\/charcoalplant.com\/vi\/wp-json\/wp\/v2\/tags?post=958"},{"taxonomy":"product-type","embeddable":true,"href":"https:\/\/charcoalplant.com\/vi\/wp-json\/wp\/v2\/product-type?post=958"}],"curies":[{"name":"wp","href":"https:\/\/api.w.org\/{rel}","templated":true}]}}