{"id":999,"date":"2021-11-30T02:53:43","date_gmt":"2021-11-30T02:53:43","guid":{"rendered":"https:\/\/charcoalplant.com\/?p=999"},"modified":"2026-01-15T17:41:46","modified_gmt":"2026-01-15T09:41:46","slug":"sawdust-briquette-machine","status":"publish","type":"product","link":"https:\/\/charcoalplant.com\/vi\/product\/sawdust-briquette-machine\/","title":{"rendered":"M\u00e1y \u0111\u00f3ng b\u00e1nh m\u00f9n c\u01b0a | M\u00e1y l\u00e0m than m\u00f9n c\u01b0a"},"content":{"rendered":"<div class=\"kk-star-ratings kksr-auto kksr-align-left kksr-valign-top\"     data-payload='{&quot;align&quot;:&quot;left&quot;,&quot;id&quot;:&quot;999&quot;,&quot;slug&quot;:&quot;default&quot;,&quot;valign&quot;:&quot;top&quot;,&quot;ignore&quot;:&quot;&quot;,&quot;reference&quot;:&quot;auto&quot;,&quot;class&quot;:&quot;&quot;,&quot;count&quot;:&quot;68&quot;,&quot;legendonly&quot;:&quot;&quot;,&quot;readonly&quot;:&quot;&quot;,&quot;score&quot;:&quot;4.8&quot;,&quot;starsonly&quot;:&quot;&quot;,&quot;best&quot;:&quot;5&quot;,&quot;gap&quot;:&quot;5&quot;,&quot;greet&quot;:&quot;Rate this product&quot;,&quot;legend&quot;:&quot;4.8\\\/5 - (68 b\u00ecnh ch\u1ecdn)&quot;,&quot;size&quot;:&quot;24&quot;,&quot;title&quot;:&quot;Sawdust Briquette Machine | Sawdust Charcoal Making Machine&quot;,&quot;width&quot;:&quot;136.7&quot;,&quot;_legend&quot;:&quot;{score}\\\/{best} - ({count} {votes})&quot;,&quot;font_factor&quot;:&quot;1.25&quot;}'>              <div class=\"kksr-stars\">      <div class=\"kksr-stars-inactive\">             <div class=\"kksr-star\" data-star=\"1\" style=\"padding-right: 5px\">               <div class=\"kksr-icon\" style=\"width: 24px; height: 24px;\"><\/div>         <\/div>             <div class=\"kksr-star\" data-star=\"2\" style=\"padding-right: 5px\">               <div class=\"kksr-icon\" style=\"width: 24px; height: 24px;\"><\/div>         <\/div>             <div class=\"kksr-star\" data-star=\"3\" style=\"padding-right: 5px\">               <div class=\"kksr-icon\" style=\"width: 24px; height: 24px;\"><\/div>         <\/div>             <div class=\"kksr-star\" data-star=\"4\" style=\"padding-right: 5px\">               <div class=\"kksr-icon\" style=\"width: 24px; height: 24px;\"><\/div>         <\/div>             <div class=\"kksr-star\" data-star=\"5\" style=\"padding-right: 5px\">               <div class=\"kksr-icon\" style=\"width: 24px; height: 24px;\"><\/div>         <\/div>     <\/div>      <div class=\"kksr-stars-active\" style=\"width: 136.7px;\">             <div class=\"kksr-star\" style=\"padding-right: 5px\">               <div class=\"kksr-icon\" style=\"width: 24px; height: 24px;\"><\/div>         <\/div>             <div class=\"kksr-star\" style=\"padding-right: 5px\">               <div class=\"kksr-icon\" style=\"width: 24px; height: 24px;\"><\/div>         <\/div>             <div class=\"kksr-star\" style=\"padding-right: 5px\">               <div class=\"kksr-icon\" style=\"width: 24px; height: 24px;\"><\/div>         <\/div>             <div class=\"kksr-star\" style=\"padding-right: 5px\">               <div class=\"kksr-icon\" style=\"width: 24px; height: 24px;\"><\/div>         <\/div>             <div class=\"kksr-star\" style=\"padding-right: 5px\">               <div class=\"kksr-icon\" style=\"width: 24px; height: 24px;\"><\/div>         <\/div>     <\/div> <\/div>                   <div class=\"kksr-legend\" style=\"font-size: 19.2px;\">             4.8\/5 - (68 l\u01b0\u1ee3t b\u00ecnh ch\u1ecdn)    <\/div>     <\/div>  <p class=\"translation-block\"><strong>M\u00e1y \u00e9p m\u00f9n c\u01b0a<\/strong> l\u00e0 m\u1ed9t lo\u1ea1i thi\u1ebft b\u1ecb s\u1eed d\u1ee5ng c\u00e1c lo\u1ea1i m\u00f9n c\u01b0a sinh kh\u1ed1i kh\u00e1c nhau l\u00e0m nguy\u00ean li\u1ec7u \u0111\u1ec3 t\u1ea1o ra c\u00e1c thanh sinh kh\u1ed1i. V\u00e0 n\u00f3 kh\u00f4ng c\u1ea7n th\u00eam b\u1ea5t k\u1ef3 ch\u1ea5t k\u1ebft d\u00ednh n\u00e0o trong qu\u00e1 tr\u00ecnh x\u1eed l\u00fd. Do \u0111\u1eb7c t\u00ednh th\u00e2n thi\u1ec7n v\u1edbi m\u00f4i tr\u01b0\u1eddng v\u00e0 ch\u1ed1ng ch\u00e1y c\u1ee7a <strong><a href=\"https:\/\/charcoalplant.com\/vi\/news\/biomass-briquette-fuel-and-biomass-fuel\/\">than l\u00e0m t\u1eeb m\u00e1y<\/a><\/strong>, n\u00ean c\u00f3 nhu c\u1ea7u l\u1edbn v\u1ec1 n\u00f3 tr\u00ean th\u1ecb tr\u01b0\u1eddng trong v\u00e0 ngo\u00e0i n\u01b0\u1edbc. Do \u0111\u00f3, c\u00e1c nh\u00e0 m\u00e1y than l\u1edbn \u0111\u00e3 v\u1ed9i v\u00e0ng mua nhi\u1ec1u m\u00e1y \u00e9p m\u00f9n c\u01b0a \u0111\u1ec3 x\u1eed l\u00fd <a href=\"https:\/\/charcoalplant.com\/vi\/charcoal-making-machine-3\/\"><strong>d\u00e2y chuy\u1ec1n s\u1ea3n xu\u1ea5t than<\/strong>.<\/a> H\u00e3y li\u00ean h\u1ec7 ngay v\u1edbi ch\u00fang t\u00f4i \u0111\u1ec3 bi\u1ebft th\u00f4ng tin th\u1ecb tr\u01b0\u1eddng m\u1edbi nh\u1ea5t v\u1ec1 m\u00e1y l\u00e0m than.<\/p>    <h2 class=\"wp-block-heading\" id=\"h-what-is-sawdust-briquette-machine\">M\u00e1y l\u00e0m b\u00e1nh m\u00f9n c\u01b0a l\u00e0 g\u00ec?<\/h2>    <p>M\u00e1y l\u00e0m b\u00e1nh m\u00f9n c\u01b0a l\u00e0 m\u1ed9t trong nh\u1eefng thi\u1ebft b\u1ecb quan tr\u1ecdng trong d\u00e2y chuy\u1ec1n s\u1ea3n xu\u1ea5t m\u00e1y l\u00e0m than c\u1ee7i. Th\u00f4ng th\u01b0\u1eddng, m\u00e1y l\u00e0m than m\u00f9n c\u01b0a v\u00e0 m\u00e1y s\u1ea5y \u0111\u01b0\u1ee3c \u0111\u1eb7t ph\u00eda tr\u01b0\u1edbc m\u00e1y than. M\u1ee5c \u0111\u00edch l\u00e0 cung c\u1ea5p cho n\u00f3 nguy\u00ean li\u1ec7u kh\u00f4. M\u00e1y l\u00e0m que m\u00f9n c\u01b0a than ti\u1ebft ki\u1ec7m n\u0103ng l\u01b0\u1ee3ng m\u1edbi \u00e1p d\u1ee5ng c\u00f4ng ngh\u1ec7 l\u00e0m que l\u00e0 gia nhi\u1ec7t c\u1ea3m \u1ee9ng \u0111i\u1ec7n t\u1eeb v\u00e0 \u00e9p v\u00edt. K\u1ebft qu\u1ea3 l\u00e0 n\u00f3 t\u1ea1o ra than b\u00e1nh m\u00f9n c\u01b0a \u0111\u1eb7c h\u01a1n v\u00e0 c\u1ee9ng h\u01a1n.<\/p>    <figure class=\"wp-block-image aligncenter size-full\"><img loading=\"lazy\" decoding=\"async\" width=\"720\" height=\"540\" src=\"https:\/\/charcoalplant.com\/wp-content\/uploads\/2022\/02\/sawdust-briquette-machine.jpg\" alt=\"m\u00e1y l\u00e0m b\u00e1nh m\u00f9n c\u01b0a\" class=\"wp-image-2377\"\/><figcaption class=\"wp-element-caption\">m\u00e1y l\u00e0m b\u00e1nh m\u00f9n c\u01b0a<\/figcaption><\/figure>    <h2 class=\"wp-block-heading\" id=\"h-raw-material-for-sawdust-briquette-machine\">Nguy\u00ean li\u1ec7u th\u00f4 cho m\u00e1y l\u00e0m b\u00e1nh m\u00f9n c\u01b0a<\/h2>    <p>Th\u1ef1c t\u1ebf, m\u00e1y l\u00e0m b\u00e1nh m\u00f9n c\u01b0a r\u1ea5t th\u00e2n thi\u1ec7n v\u1edbi m\u00f4i tr\u01b0\u1eddng. \u0110\u1ed3ng th\u1eddi, \u0111\u00e2y c\u00f2n l\u00e0 thi\u1ebft b\u1ecb gia c\u00f4ng c\u00f3 gi\u00e1 tr\u1ecb kinh t\u1ebf cao. Nguy\u00ean li\u1ec7u c\u1ee7a h\u00e3ng ch\u1ee7 y\u1ebfu l\u00e0 vi\u00ean m\u00f9n c\u01b0a c\u00f3 \u0111\u1ed9 \u1ea9m d\u01b0\u1edbi 12% v\u00e0 k\u00edch th\u01b0\u1edbc d\u01b0\u1edbi 6mm. V\u00ed d\u1ee5 nh\u01b0 m\u00f9n c\u01b0a, tr\u1ea5u, r\u01a1m r\u1ea1, d\u0103m tre, th\u00e2n c\u00e2y c\u1ea3i d\u1ea7u, v\u1ecf l\u1ea1c, th\u00e2n c\u00e2y b\u00f4ng,\u2026 C\u00e1c lo\u1ea1i r\u00e1c th\u1ea3i sinh ho\u1ea1t th\u00f4ng th\u01b0\u1eddng kh\u00e1c. Ch\u1eb3ng h\u1ea1n nh\u01b0 b\u00e3 c\u00e0 ph\u00ea, b\u00e3 m\u00eda, v\u1ecf h\u1ea1t ch\u00e8, v.v. (L\u01b0u \u00fd: Nh\u1eefng nguy\u00ean li\u1ec7u kh\u00f4ng \u0111\u1ea1t k\u00edch th\u01b0\u1edbc th\u1ee9c \u0103n c\u1ea7n ph\u1ea3i \u0111\u01b0\u1ee3c nghi\u1ec1n n\u00e1t tr\u01b0\u1edbc.)<\/p>    <figure class=\"wp-block-gallery has-nested-images columns-default is-cropped wp-block-gallery-2 is-layout-flex wp-block-gallery-is-layout-flex\"> <figure class=\"wp-block-image size-large\"><img loading=\"lazy\" decoding=\"async\" width=\"720\" height=\"540\" data-id=\"2364\" src=\"https:\/\/charcoalplant.com\/wp-content\/uploads\/2022\/02\/bamboo.jpg\" alt=\"c\u00e2y tre\" class=\"wp-image-2364\"\/><figcaption class=\"wp-element-caption\">c\u00e2y tre<\/figcaption><\/figure>    <figure class=\"wp-block-image size-large\"><img loading=\"lazy\" decoding=\"async\" width=\"600\" height=\"400\" data-id=\"2361\" src=\"https:\/\/charcoalplant.com\/wp-content\/uploads\/2022\/02\/coffee-grounds.jpg\" alt=\"b\u00e3 c\u00e0 ph\u00ea\" class=\"wp-image-2361\"\/><figcaption class=\"wp-element-caption\">b\u00e3 c\u00e0 ph\u00ea<\/figcaption><\/figure>    <figure class=\"wp-block-image size-large\"><img loading=\"lazy\" decoding=\"async\" width=\"720\" height=\"540\" data-id=\"2365\" src=\"https:\/\/charcoalplant.com\/wp-content\/uploads\/2022\/02\/cotton-stalk-1.jpg\" alt=\"th\u00e2n c\u00e2y b\u00f4ng\" class=\"wp-image-2365\"\/><figcaption class=\"wp-element-caption\">th\u00e2n c\u00e2y b\u00f4ng<\/figcaption><\/figure>    <figure class=\"wp-block-image size-large\"><img loading=\"lazy\" decoding=\"async\" width=\"720\" height=\"540\" data-id=\"2362\" src=\"https:\/\/charcoalplant.com\/wp-content\/uploads\/2022\/02\/peanut-shell-1.jpg\" alt=\"v\u1ecf \u0111\u1eadu ph\u1ed9ng\" class=\"wp-image-2362\"\/><figcaption class=\"wp-element-caption\">v\u1ecf \u0111\u1eadu ph\u1ed9ng<\/figcaption><\/figure>    <figure class=\"wp-block-image size-large\"><img loading=\"lazy\" decoding=\"async\" width=\"720\" height=\"540\" data-id=\"2363\" src=\"https:\/\/charcoalplant.com\/wp-content\/uploads\/2022\/02\/rice-husk-1.jpg\" alt=\"v\u1ecf tr\u1ea5u\" class=\"wp-image-2363\"\/><figcaption class=\"wp-element-caption\">v\u1ecf tr\u1ea5u<\/figcaption><\/figure>    <figure class=\"wp-block-image size-large\"><img loading=\"lazy\" decoding=\"async\" width=\"720\" height=\"540\" data-id=\"2366\" src=\"https:\/\/charcoalplant.com\/wp-content\/uploads\/2022\/02\/sawdust-2.jpg\" alt=\"m\u00f9n c\u01b0a\" class=\"wp-image-2366\"\/><figcaption class=\"wp-element-caption\">m\u00f9n c\u01b0a<\/figcaption><\/figure> <\/figure>    <h2 class=\"wp-block-heading\" id=\"h-structure-of-biomass-briquetting-machine\">C\u1ea5u tr\u00fac c\u1ee7a m\u00e1y l\u00e0m b\u00e1nh m\u00f9n c\u01b0a<\/h2>    <p>C\u1ea5u t\u1ea1o ch\u00ednh c\u1ee7a m\u00e1y l\u00e0m b\u00e1nh m\u00f9n c\u01b0a bao g\u1ed3m \u0111\u1ea7u v\u00e0o, \u0111\u1ea7u ra, t\u1ee7 ph\u00e2n ph\u1ed1i \u0111i\u1ec7n, r\u00f2ng r\u1ecdc, \u0111\u1ed9ng c\u01a1, v.v. C\u00e1c ph\u1ee5 ki\u1ec7n li\u00ean quan c\u1ee7a n\u00f3 l\u00e0 v\u00f2ng gia nhi\u1ec7t, c\u00e1nh qu\u1ea1t tr\u1ee5c v\u00edt v\u00e0 v\u00f2ng bi. C\u1ea5u tr\u00fac t\u1ed5ng th\u1ec3 c\u1ee7a m\u00e1y \u00e9p \u0111\u00f9n m\u00f9n c\u01b0a c\u00f3 h\u00ecnh th\u1ee9c nh\u1ecf g\u1ecdn v\u00e0 \u0111\u1eb9p m\u1eaft.<\/p>    <figure class=\"wp-block-image aligncenter size-full\"><img loading=\"lazy\" decoding=\"async\" width=\"720\" height=\"540\" src=\"https:\/\/charcoalplant.com\/wp-content\/uploads\/2022\/02\/sawdust-biomass-briquette-machine.jpg\" alt=\"\" class=\"wp-image-2380\"\/><\/figure>    <div class=\"wp-block-columns has-background is-layout-flex wp-container-core-columns-is-layout-28f84493 wp-block-columns-is-layout-flex\" style=\"background-color:#f1f1f1\"> <div class=\"wp-block-column is-layout-flow wp-block-column-is-layout-flow\" style=\"flex-basis:66.66%\"> <figure class=\"wp-block-gallery has-nested-images columns-default is-cropped wp-block-gallery-3 is-layout-flex wp-block-gallery-is-layout-flex\"> <figure class=\"wp-block-image size-large\"><img loading=\"lazy\" decoding=\"async\" width=\"720\" height=\"540\" data-id=\"1005\" src=\"https:\/\/charcoalplant.com\/wp-content\/uploads\/2021\/11\/Metal-heating-ring-1.jpg\" alt=\"V\u00f2ng s\u01b0\u1edfi kim lo\u1ea1i\" class=\"wp-image-1005\" srcset=\"https:\/\/charcoalplant.com\/wp-content\/uploads\/2021\/11\/Metal-heating-ring-1.jpg 720w, https:\/\/charcoalplant.com\/wp-content\/uploads\/2021\/11\/Metal-heating-ring-1-300x225.jpg 300w\" sizes=\"auto, (max-width: 720px) 100vw, 720px\" \/><figcaption class=\"wp-element-caption\">V\u00f2ng s\u01b0\u1edfi kim lo\u1ea1i<\/figcaption><\/figure> <\/figure> <\/div>    <div class=\"wp-block-column is-vertically-aligned-center is-layout-flow wp-block-column-is-layout-flow\" style=\"flex-basis:33.33%\"> <p class=\"translation-block\"><strong>V\u00f2ng s\u01b0\u1edfi kim lo\u1ea1i<\/strong><\/p>    <p>Thi\u1ebft b\u1ecb s\u01b0\u1edfi \u0111i\u1ec7n \u0111i\u1ec1u khi\u1ec3n ho\u00e0n to\u00e0n t\u1ef1 \u0111\u1ed9ng \u0111\u01b0\u1ee3c thi\u1ebft k\u1ebf kh\u00f4ng ch\u1ec9 c\u00f3 th\u1ec3 \u0111i\u1ec1u ch\u1ec9nh \u0111\u1ed9 \u1ea9m kh\u00f4 c\u1ee7a v\u1eadt li\u1ec7u m\u1ed9t c\u00e1ch ng\u1eabu nhi\u00ean. H\u01a1n n\u1eefa, n\u00f3 \u0111\u1ea3m b\u1ea3o s\u1ef1 \u1ed5n \u0111\u1ecbnh c\u1ee7a qu\u00e1 tr\u00ecnh x\u1ea3 v\u00e0 h\u00ecnh th\u00e0nh v\u00e0 c\u1ea3i thi\u1ec7n hi\u1ec7u qu\u1ea3 c\u00f4ng vi\u1ec7c.<\/p> <\/div> <\/div>    <div class=\"wp-block-columns has-background is-layout-flex wp-container-core-columns-is-layout-28f84493 wp-block-columns-is-layout-flex\" style=\"background-color:#f1f1f1\"> <div class=\"wp-block-column is-vertically-aligned-center is-layout-flow wp-block-column-is-layout-flow\" style=\"flex-basis:33.33%\"> <p class=\"translation-block\"><strong>C\u00e1nh qu\u1ea1t tr\u1ee5c v\u00edt<\/strong><\/p>    <p>B\u1ed9 ph\u1eadn c\u00e1nh qu\u1ea1t c\u1ee7a m\u00e1y l\u00e0m thanh s\u1eed d\u1ee5ng qu\u00e1 tr\u00ecnh x\u1eed l\u00fd v\u1eadt li\u1ec7u, gi\u00fap t\u0103ng th\u1eddi gian s\u1ea3n xu\u1ea5t v\u00e0 k\u00e9o d\u00e0i tu\u1ed5i th\u1ecd.<\/p> <\/div>    <div class=\"wp-block-column is-layout-flow wp-block-column-is-layout-flow\" style=\"flex-basis:66.66%\"> <figure class=\"wp-block-gallery has-nested-images columns-default is-cropped wp-block-gallery-4 is-layout-flex wp-block-gallery-is-layout-flex\"> <figure class=\"wp-block-image size-large\"><img loading=\"lazy\" decoding=\"async\" width=\"720\" height=\"540\" data-id=\"1008\" src=\"https:\/\/charcoalplant.com\/wp-content\/uploads\/2021\/11\/Screw-propeller-1.jpg\" alt=\"C\u00e1nh qu\u1ea1t tr\u1ee5c v\u00edt\" class=\"wp-image-1008\" srcset=\"https:\/\/charcoalplant.com\/wp-content\/uploads\/2021\/11\/Screw-propeller-1.jpg 720w, https:\/\/charcoalplant.com\/wp-content\/uploads\/2021\/11\/Screw-propeller-1-300x225.jpg 300w\" sizes=\"auto, (max-width: 720px) 100vw, 720px\" \/><figcaption class=\"wp-element-caption\">C\u00e1nh qu\u1ea1t tr\u1ee5c v\u00edt<\/figcaption><\/figure> <\/figure> <\/div> <\/div>    <div class=\"wp-block-columns has-background is-layout-flex wp-container-core-columns-is-layout-28f84493 wp-block-columns-is-layout-flex\" style=\"background-color:#f1f1f1\"> <div class=\"wp-block-column is-layout-flow wp-block-column-is-layout-flow\" style=\"flex-basis:66.66%\"> <figure class=\"wp-block-gallery has-nested-images columns-default is-cropped wp-block-gallery-5 is-layout-flex wp-block-gallery-is-layout-flex\"> <figure class=\"wp-block-image size-large\"><img loading=\"lazy\" decoding=\"async\" width=\"720\" height=\"540\" data-id=\"2368\" src=\"https:\/\/charcoalplant.com\/wp-content\/uploads\/2022\/02\/mould.jpg\" alt=\"\" class=\"wp-image-2368\"\/><\/figure> <\/figure> <\/div>    <div class=\"wp-block-column is-vertically-aligned-center is-layout-flow wp-block-column-is-layout-flow\" style=\"flex-basis:33.33%\"> <p class=\"translation-block\"><strong>Khu\u00f4n<\/strong><\/p>    <p>Khu\u00f4n m\u1eabu m\u00e1y l\u00e0m que m\u00f9n c\u01b0a r\u1ea5t \u0111a d\u1ea1ng. V\u00ec v\u1eady c\u00f3 th\u1ec3 s\u1ea3n xu\u1ea5t c\u00e1c lo\u1ea1i than m\u00f9n c\u01b0a \u0111a gi\u00e1c nh\u01b0 h\u00ecnh t\u1ee9 gi\u00e1c, h\u00ecnh l\u1ee5c gi\u00e1c,\u2026<\/p> <\/div> <\/div>    <h2 class=\"wp-block-heading\" id=\"parameters-of-sawdust-briquette-making-machine\">C\u00e1c th\u00f4ng s\u1ed1 c\u1ee7a m\u00e1y l\u00e0m b\u00e1nh m\u00f9n c\u01b0a<\/h2>    <figure class=\"wp-block-table is-style-stripes\"><table><tbody><tr><td>Ng\u01b0\u1eddi m\u1eabu<\/td><td>SL-WB50<\/td><\/tr><tr><td>Dung t\u00edch<\/td><td>250-350kg m\u1ed7i gi\u1edd<\/td><\/tr><tr><td>Quy\u1ec1n l\u1ef1c<\/td><td>18,5kw\/22kw<\/td><\/tr><tr><td>K\u00edch th\u01b0\u1edbc<\/td><td>1,7 * 0,7 * 1,4m<\/td><\/tr><tr><td>C\u00e2n n\u1eb7ng<\/td><td>700kg<\/td><\/tr><\/tbody><\/table><\/figure>    <h2 class=\"wp-block-heading\" id=\"video-of-biomass-briket-forming-machine\">Video M\u00e1y \u0111\u00f3ng b\u00e1nh sinh kh\u1ed1i m\u00f9n c\u01b0a<\/h2>    <figure class=\"wp-block-embed is-type-video is-provider-youtube wp-block-embed-youtube wp-embed-aspect-16-9 wp-has-aspect-ratio\"><div class=\"wp-block-embed__wrapper\"> <iframe loading=\"lazy\" title=\"Nh\u00e0 s\u1ea3n xu\u1ea5t m\u00e1y \u00e9p m\u00f9n c\u01b0a | Nh\u00e0 m\u00e1y \u0111\u00f3ng b\u00e1nh sinh kh\u1ed1i #biomassdust#sawdust#scrapbamboo\" width=\"500\" height=\"281\" src=\"https:\/\/www.youtube.com\/embed\/XAOrW47NuvA?feature=oembed\" frameborder=\"0\" allow=\"accelerometer; autoplay; clipboard-write; encrypted-media; gyroscope; picture-in-picture; web-share\" referrerpolicy=\"strict-origin-when-cross-origin\" allowfullscreen><\/iframe> <\/div><figcaption class=\"wp-element-caption\">nh\u00e0 s\u1ea3n xu\u1ea5t m\u00e1y \u0111\u00f3ng b\u00e1nh m\u00f9n c\u01b0a<\/figcaption><\/figure>    <h2 class=\"wp-block-heading\" id=\"h-features-of-sawdust-briquetting-equipment\">T\u00ednh n\u0103ng c\u1ee7a m\u00e1y l\u00e0m b\u00e1nh m\u00f9n c\u01b0a <\/h2>    <p class=\"translation-block\">Ch\u00fang t\u00f4i l\u00e0 nh\u00e0 s\u1ea3n xu\u1ea5t chuy\u00ean nghi\u1ec7p d\u00e2y chuy\u1ec1n s\u1ea3n xu\u1ea5t m\u00e1y l\u00e0m than. Ch\u00fang t\u00f4i c\u00f3 kinh nghi\u1ec7m phong ph\u00fa trong vi\u1ec7c s\u1ea3n xu\u1ea5t m\u00e1y l\u00e0m thanh m\u00f9n c\u01b0a, <strong><a href=\"https:\/\/charcoalplant.com\/vi\/carbonization-furnace\/vertical-carbonization-furnace\/\">l\u00f2 carbon h\u00f3a<\/a>,<\/strong> v\u00e0 m\u00e1y nghi\u1ec1n. Do \u0111\u00f3, m\u00e1y \u00e9p m\u00f9n c\u01b0a c\u1ee7a ch\u00fang t\u00f4i c\u00f3 c\u00e1c \u0111\u1eb7c \u0111i\u1ec3m sau:<\/p>    <h3 class=\"wp-block-heading\">1. B\u1ea3o m\u1eadt<\/h3>    <p>Thi\u1ebft k\u1ebf v\u1ecf kim lo\u1ea1i c\u1ee7a thi\u1ebft b\u1ecb v\u00e0 t\u1ee7 ph\u00e2n ph\u1ed1i \u0111i\u1ec7n th\u1ec3 hi\u1ec7n \u0111\u1ea7y \u0111\u1ee7 c\u00e1c \u0111\u1eb7c t\u00ednh an to\u00e0n.<\/p>    <h3 class=\"wp-block-heading\">2. Th\u00f4ng minh<\/h3>    <p>Tr\u00ean t\u1ee7 ph\u00e2n ph\u1ed1i \u0111i\u1ec7n c\u00f3 nhi\u1ec1u n\u00fat, m\u1ed9t s\u1ed1 \u0111\u1ec3 ki\u1ec3m so\u00e1t nhi\u1ec7t \u0111\u1ed9 v\u00e0 m\u1ed9t s\u1ed1 \u0111\u1ec3 hi\u1ec3n th\u1ecb \u0111i\u1ec7n \u00e1p. Kh\u1edfi \u0111\u1ed9ng b\u1eb1ng m\u1ed9t ph\u00edm, kh\u00f4ng c\u1ea7n thao t\u00e1c qu\u00e1 nhi\u1ec1u.<\/p>    <h3 class=\"wp-block-heading\">3. Ch\u1ea5t l\u01b0\u1ee3ng t\u1ed1t<\/h3>    <p>Nh\u00e0 m\u00e1y c\u1ee7a ch\u00fang t\u00f4i s\u1eed d\u1ee5ng v\u1eadt li\u1ec7u kim lo\u1ea1i \u0111\u1ea1t ti\u00eau chu\u1ea9n qu\u1ed1c t\u1ebf. N\u00f3i c\u00e1ch kh\u00e1c, c\u00e1c m\u00e1y s\u1ea3n xu\u1ea5t que sinh kh\u1ed1i m\u00e0 ch\u00fang t\u00f4i s\u1ea3n xu\u1ea5t \u0111\u1ec1u \u0111\u01b0\u1ee3c ch\u1ee9ng nh\u1eadn qu\u1ed1c t\u1ebf.<\/p>    <h3 class=\"wp-block-heading\">4. \u00c1p l\u1ef1c m\u1ea1nh<\/h3>    <p>\u00c1p su\u1ea5t cao c\u1ee7a m\u00e1y l\u00e0m b\u00e1nh m\u00f9n c\u01b0a c\u00f3 th\u1ec3 t\u1ea1o ra c\u00e1c thanh sinh kh\u1ed1i m\u1eadt \u0111\u1ed9 cao. Do m\u1eadt \u0111\u1ed9 thanh sinh kh\u1ed1i cao h\u01a1n n\u00ean th\u1eddi gian \u0111\u1ed1t s\u1ebd l\u00e2u h\u01a1n. V\u00ec v\u1eady hi\u1ec7u qu\u1ea3 \u0111\u1ed1t ch\u00e1y s\u1ebd t\u1ed1t h\u01a1n.<\/p>    <figure class=\"wp-block-image aligncenter size-full\"><img loading=\"lazy\" decoding=\"async\" width=\"720\" height=\"540\" src=\"https:\/\/charcoalplant.com\/wp-content\/uploads\/2022\/01\/biomass-briquette-extruder-plant.jpg\" alt=\"nh\u00e0 m\u00e1y \u00e9p \u0111\u00f9n than sinh kh\u1ed1i\" class=\"wp-image-1787\" srcset=\"https:\/\/charcoalplant.com\/wp-content\/uploads\/2022\/01\/biomass-briquette-extruder-plant.jpg 720w, https:\/\/charcoalplant.com\/wp-content\/uploads\/2022\/01\/biomass-briquette-extruder-plant-300x225.jpg 300w\" sizes=\"auto, (max-width: 720px) 100vw, 720px\" \/><figcaption class=\"wp-element-caption\">nh\u00e0 m\u00e1y \u00e9p \u0111\u00f9n than sinh kh\u1ed1i<\/figcaption><\/figure>    <h2 class=\"wp-block-heading\" id=\"h-how-to-use-screw-biomass-briquette-press-machine\">L\u00e0m th\u1ebf n\u00e0o \u0111\u1ec3 s\u1eed d\u1ee5ng m\u00e1y \u00e9p b\u00e1nh sinh kh\u1ed1i tr\u1ee5c v\u00edt?<\/h2>    <p>C\u1ea7n nh\u1ea5n m\u1ea1nh \u1edf \u0111\u00e2y r\u1eb1ng m\u00e1y l\u00e0m b\u00e1nh m\u00f9n c\u01b0a ph\u1ea3i \u0111\u01b0\u1ee3c g\u1ee1 l\u1ed7i tr\u01b0\u1edbc khi s\u1eed d\u1ee5ng. B\u1edfi n\u1ebfu c\u00e1c b\u1ed9 ph\u1eadn m\u00e1y g\u1eafp g\u1ed7 kh\u00f4ng \u0111\u01b0\u1ee3c l\u1eafp \u0111\u1eb7t \u0111\u00fang c\u00e1ch s\u1ebd cho ra nh\u1eefng thanh g\u1ed7 k\u00e9m ch\u1ea5t l\u01b0\u1ee3ng. Sau \u0111\u00e2y l\u00e0 c\u00e1c b\u01b0\u1edbc s\u1eed d\u1ee5ng m\u00e1y l\u00e0m que m\u00f9n c\u01b0a:<\/p>    <p>1. Kh\u1edfi \u0111\u1ed9ng n\u00fat chuy\u1ec3n \u0111\u1ed5i v\u00e0 \u0111\u1ec3 m\u00e1y \u1ea5m l\u00ean t\u1edbi 380 \u0111\u1ed9.<\/p>    <p>2. \u0110\u1ed5 m\u00f9n c\u01b0a v\u00e0o c\u1eeda n\u1ea1p li\u1ec7u.<\/p>    <p>3. Quan s\u00e1t m\u00e0u s\u1eafc v\u00e0 \u0111\u1ed9 b\u00f3ng c\u1ee7a thanh g\u1ed7.<\/p>    <p>B\u1ec1 m\u1eb7t c\u1ee7a thanh sinh kh\u1ed1i m\u1ecbn v\u00e0 c\u00f3 m\u00e0u n\u00e2u ch\u1ee9ng t\u1ecf m\u00e1y l\u00e0m thanh m\u00f9n c\u01b0a c\u00f3 th\u1ec3 s\u1eed d\u1ee5ng tr\u1ef1c ti\u1ebfp. N\u1ebfu kh\u00f4ng, thi\u1ebft b\u1ecb c\u1ea7n \u0111\u01b0\u1ee3c g\u1ee1 l\u1ed7i.<\/p>    <figure class=\"wp-block-image aligncenter size-full\"><img loading=\"lazy\" decoding=\"async\" width=\"720\" height=\"540\" src=\"https:\/\/charcoalplant.com\/wp-content\/uploads\/2022\/02\/biomass-briquetting-machine-forsale.jpg\" alt=\"\" class=\"wp-image-2370\"\/><\/figure>    <h2 class=\"wp-block-heading\" id=\"h-biomass-briquette-machine-for-sale\">C\u1ea7n b\u00e1n m\u00e1y sinh kh\u1ed1i\u00a0than b\u00e1nh\u00a0<\/h2>    <p class=\"translation-block\">C\u00f4ng ty TNHH Shuliy M\u00e1y m\u00f3c l\u00e0 m\u1ed9t nh\u00e0 s\u1ea3n xu\u1ea5t m\u00e1y than xu\u1ea5t s\u1eafc. Ch\u00fang t\u00f4i b\u00e1n m\u00e1y nghi\u1ec1n r\u01a1m, <a href=\"https:\/\/charcoalplant.com\/vi\/rice-husk-dryer\/\"><strong>m\u00e1y s\u1ea5y tr\u1ea5u<\/strong><\/a>, <strong><a href=\"https:\/\/charcoalplant.com\/vi\/log-chipper\/\">m\u00e1y b\u0103m g\u1ed7<\/a><\/strong>, v.v. Th\u00f4ng qua vi\u1ec7c \u0111i\u1ec1u tra li\u00ean t\u1ee5c th\u1ecb tr\u01b0\u1eddng m\u00e1y \u00e9p vi\u00ean g\u1ed7, ch\u00fang t\u00f4i \u0111\u00e3 c\u1ea3i ti\u1ebfn h\u1ee3p l\u00fd thi\u1ebft b\u1ecb. H\u00ecnh th\u1ee9c b\u00ean ngo\u00e0i \u0111\u01a1n gi\u1ea3n h\u01a1n tr\u01b0\u1edbc. V\u1ec1 c\u1ea5u tr\u00fac, n\u00f3 d\u1ec5 s\u1eeda ch\u1eefa v\u00e0 thay th\u1ebf c\u00e1c b\u1ed9 ph\u1eadn h\u01a1n tr\u01b0\u1edbc. V\u00ec v\u1eady, h\u00e3y li\u00ean h\u1ec7 v\u1edbi ch\u00fang t\u00f4i ngay b\u00e2y gi\u1edd \u0111\u1ec3 nh\u1eadn danh s\u00e1ch gi\u00e1 s\u1ea3n ph\u1ea9m m\u1edbi nh\u1ea5t.<\/p>    <figure class=\"wp-block-gallery has-nested-images columns-default is-cropped wp-block-gallery-6 is-layout-flex wp-block-gallery-is-layout-flex\"> <figure class=\"wp-block-image size-full\"><img loading=\"lazy\" decoding=\"async\" width=\"720\" height=\"540\" data-id=\"2371\" src=\"https:\/\/charcoalplant.com\/wp-content\/uploads\/2022\/02\/sawdust-briquette-machine-plant.jpg\" alt=\"\" class=\"wp-image-2371\"\/><figcaption class=\"wp-element-caption\">m\u00e1y \u00e9p \u0111\u00f9n m\u00f9n c\u01b0a<\/figcaption><\/figure>    <figure class=\"wp-block-image size-full\"><img loading=\"lazy\" decoding=\"async\" width=\"720\" height=\"540\" data-id=\"2372\" src=\"https:\/\/charcoalplant.com\/wp-content\/uploads\/2022\/02\/shippment-1.jpg\" alt=\"\" class=\"wp-image-2372\"\/><figcaption class=\"wp-element-caption\">C\u1ea3i thi\u1ec7n<\/figcaption><\/figure> <\/figure>    <h2 class=\"wp-block-heading\" id=\"h-application-of-sawdust-briquetting-extruder-machine\">\u1ee8ng d\u1ee5ng c\u1ee7a m\u00e1y \u00e9p \u0111\u00f9n m\u00f9n c\u01b0a <\/h2>    <p>Thanh sinh kh\u1ed1i \u0111\u01b0\u1ee3c t\u1ea1o ra b\u1edfi m\u00e1y \u00e9p \u0111\u00f9n m\u00f9n c\u01b0a \u1edf tr\u1ea1ng th\u00e1i r\u1ed7ng. Nh\u1eefng s\u1ea3n ph\u1ea9m ho\u00e0n thi\u1ec7n n\u00e0y kh\u00f4ng ch\u1ec9 c\u00f3 th\u1ec3 \u0111\u01b0\u1ee3c s\u1eed d\u1ee5ng tr\u1ef1c ti\u1ebfp \u0111\u1ec3 \u0111\u1ed1t l\u00f2 h\u01a1i. N\u00f3 c\u0169ng th\u00edch h\u1ee3p cho c\u00e1c nh\u00e0 m\u00e1y than \u0111\u1ec3 t\u1ea1o ra than sau khi ch\u1ebf bi\u1ebfn. N\u00f3i t\u00f3m l\u1ea1i, n\u00f3 hi\u1ec7n \u0111ang l\u00e0 m\u1ed9t v\u1eadt li\u1ec7u \u0111\u1ed1t r\u1ea5t ph\u1ed5 bi\u1ebfn.<\/p>    <figure class=\"wp-block-gallery has-nested-images columns-default is-cropped wp-block-gallery-7 is-layout-flex wp-block-gallery-is-layout-flex\"> <figure class=\"wp-block-image size-large\"><img loading=\"lazy\" decoding=\"async\" width=\"720\" height=\"540\" data-id=\"1791\" src=\"https:\/\/charcoalplant.com\/wp-content\/uploads\/2022\/01\/biomass-rod-.jpg\" alt=\"que sinh kh\u1ed1i\" class=\"wp-image-1791\" srcset=\"https:\/\/charcoalplant.com\/wp-content\/uploads\/2022\/01\/biomass-rod-.jpg 720w, https:\/\/charcoalplant.com\/wp-content\/uploads\/2022\/01\/biomass-rod--300x225.jpg 300w\" sizes=\"auto, (max-width: 720px) 100vw, 720px\" \/><figcaption class=\"wp-element-caption\">que sinh kh\u1ed1i<\/figcaption><\/figure>    <figure class=\"wp-block-image size-full\"><img loading=\"lazy\" decoding=\"async\" width=\"720\" height=\"540\" data-id=\"1788\" src=\"https:\/\/charcoalplant.com\/wp-content\/uploads\/2022\/01\/packed-sawdust-briquette.jpg\" alt=\"than b\u00e1nh m\u00f9n c\u01b0a \u0111\u00f3ng g\u00f3i\" class=\"wp-image-1788\" srcset=\"https:\/\/charcoalplant.com\/wp-content\/uploads\/2022\/01\/packed-sawdust-briquette.jpg 720w, https:\/\/charcoalplant.com\/wp-content\/uploads\/2022\/01\/packed-sawdust-briquette-300x225.jpg 300w\" sizes=\"auto, (max-width: 720px) 100vw, 720px\" \/><figcaption class=\"wp-element-caption\">than b\u00e1nh m\u00f9n c\u01b0a \u0111\u00f3ng g\u00f3i<\/figcaption><\/figure> <\/figure>","protected":false},"excerpt":{"rendered":"<p>M\u00e1y \u0111\u00f3ng b\u00e1nh m\u00f9n c\u01b0a l\u00e0 m\u1ed9t c\u00f4ng c\u1ee5 quan tr\u1ecdng \u0111\u1ec3 ch\u1ebf t\u1ea1o thanh sinh kh\u1ed1i. G\u1eady c\u00f3 t\u1ed1c \u0111\u1ed9 ch\u00e1y cao n\u00ean r\u1ea5t \u0111\u01b0\u1ee3c \u01b0a chu\u1ed9ng.<\/p>","protected":false},"author":1,"featured_media":1973,"parent":0,"template":"","tags":[66],"product-type":[43],"class_list":["post-999","product","type-product","status-publish","has-post-thumbnail","hentry","tag-biomass-briquette-machine","product-type-biomass-briquette-machine"],"_links":{"self":[{"href":"https:\/\/charcoalplant.com\/vi\/wp-json\/wp\/v2\/product\/999","targetHints":{"allow":["GET"]}}],"collection":[{"href":"https:\/\/charcoalplant.com\/vi\/wp-json\/wp\/v2\/product"}],"about":[{"href":"https:\/\/charcoalplant.com\/vi\/wp-json\/wp\/v2\/types\/product"}],"author":[{"embeddable":true,"href":"https:\/\/charcoalplant.com\/vi\/wp-json\/wp\/v2\/users\/1"}],"wp:featuredmedia":[{"embeddable":true,"href":"https:\/\/charcoalplant.com\/vi\/wp-json\/wp\/v2\/media\/1973"}],"wp:attachment":[{"href":"https:\/\/charcoalplant.com\/vi\/wp-json\/wp\/v2\/media?parent=999"}],"wp:term":[{"taxonomy":"post_tag","embeddable":true,"href":"https:\/\/charcoalplant.com\/vi\/wp-json\/wp\/v2\/tags?post=999"},{"taxonomy":"product-type","embeddable":true,"href":"https:\/\/charcoalplant.com\/vi\/wp-json\/wp\/v2\/product-type?post=999"}],"curies":[{"name":"wp","href":"https:\/\/api.w.org\/{rel}","templated":true}]}}